{"id":1047,"date":"2024-12-17T11:26:34","date_gmt":"2024-12-17T10:26:34","guid":{"rendered":"https:\/\/afonsocastro.com\/nova\/?page_id=1047"},"modified":"2024-12-26T10:36:25","modified_gmt":"2024-12-26T09:36:25","slug":"valvula-de-pallon-es","status":"publish","type":"page","link":"https:\/\/afonsocastro.com\/nova\/es\/valvula-de-pallon-es\/","title":{"rendered":"V\u00e1lvula de pall\u00f3n es"},"content":{"rendered":"\t\t<div data-elementor-type=\"wp-page\" data-elementor-id=\"1047\" class=\"elementor elementor-1047\">\n\t\t\t\t\t\t<section class=\"elementor-section elementor-top-section elementor-element elementor-element-3c57f6d elementor-section-full_width elementor-section-stretched elementor-section-height-default elementor-section-height-default\" data-id=\"3c57f6d\" data-element_type=\"section\" data-settings=\"{&quot;stretch_section&quot;:&quot;section-stretched&quot;,&quot;background_background&quot;:&quot;classic&quot;}\">\n\t\t\t\t\t\t<div class=\"elementor-container elementor-column-gap-no\">\n\t\t\t\t\t<div class=\"elementor-column elementor-col-50 elementor-top-column elementor-element elementor-element-8c3d0a0\" data-id=\"8c3d0a0\" data-element_type=\"column\">\n\t\t\t<div class=\"elementor-widget-wrap elementor-element-populated\">\n\t\t\t\t\t\t<div class=\"elementor-element elementor-element-3979696 elementor-widget elementor-widget-text-editor\" data-id=\"3979696\" data-element_type=\"widget\" data-widget_type=\"text-editor.default\">\n\t\t\t\t<div class=\"elementor-widget-container\">\n\t\t\t\t\t\t\t\t\t<h1><span style=\"color: #ffffff;\">V\u00e1lvula de pall\u00f3n<br \/><\/span><\/h1>\t\t\t\t\t\t\t\t<\/div>\n\t\t\t\t<\/div>\n\t\t\t\t<div class=\"elementor-element elementor-element-70a943e elementor-widget elementor-widget-spacer\" data-id=\"70a943e\" data-element_type=\"widget\" data-widget_type=\"spacer.default\">\n\t\t\t\t<div class=\"elementor-widget-container\">\n\t\t\t\t\t\t\t<div class=\"elementor-spacer\">\n\t\t\t<div class=\"elementor-spacer-inner\"><\/div>\n\t\t<\/div>\n\t\t\t\t\t\t<\/div>\n\t\t\t\t<\/div>\n\t\t\t\t\t<\/div>\n\t\t<\/div>\n\t\t\t\t<div class=\"elementor-column elementor-col-50 elementor-top-column elementor-element elementor-element-677ba3a\" data-id=\"677ba3a\" data-element_type=\"column\">\n\t\t\t<div class=\"elementor-widget-wrap elementor-element-populated\">\n\t\t\t\t\t\t<div class=\"elementor-element elementor-element-78f7725 elementor-widget elementor-widget-spacer\" data-id=\"78f7725\" data-element_type=\"widget\" data-widget_type=\"spacer.default\">\n\t\t\t\t<div class=\"elementor-widget-container\">\n\t\t\t\t\t\t\t<div class=\"elementor-spacer\">\n\t\t\t<div class=\"elementor-spacer-inner\"><\/div>\n\t\t<\/div>\n\t\t\t\t\t\t<\/div>\n\t\t\t\t<\/div>\n\t\t\t\t\t<\/div>\n\t\t<\/div>\n\t\t\t\t\t<\/div>\n\t\t<\/section>\n\t\t\t\t<section class=\"elementor-section elementor-top-section elementor-element elementor-element-fd118ca elementor-section-stretched elementor-section-boxed elementor-section-height-default elementor-section-height-default\" data-id=\"fd118ca\" data-element_type=\"section\" data-settings=\"{&quot;stretch_section&quot;:&quot;section-stretched&quot;}\">\n\t\t\t\t\t\t<div class=\"elementor-container elementor-column-gap-wider\">\n\t\t\t\t\t<div class=\"elementor-column elementor-col-100 elementor-top-column elementor-element elementor-element-d54c6f3\" data-id=\"d54c6f3\" data-element_type=\"column\">\n\t\t\t<div class=\"elementor-widget-wrap elementor-element-populated\">\n\t\t\t\t\t\t<div class=\"elementor-element elementor-element-3aaf8a2 elementor-widget elementor-widget-image\" data-id=\"3aaf8a2\" data-element_type=\"widget\" data-widget_type=\"image.default\">\n\t\t\t\t<div class=\"elementor-widget-container\">\n\t\t\t\t\t\t\t\t\t\t\t\t\t\t\t<img decoding=\"async\" src=\"https:\/\/afonsocastro.com\/nova\/wp-content\/uploads\/2020\/10\/corporation3-sectionbg2.png\" title=\"\" alt=\"\" loading=\"lazy\" \/>\t\t\t\t\t\t\t\t\t\t\t\t\t\t\t<\/div>\n\t\t\t\t<\/div>\n\t\t\t\t\t<\/div>\n\t\t<\/div>\n\t\t\t\t\t<\/div>\n\t\t<\/section>\n\t\t\t\t<section class=\"elementor-section elementor-top-section elementor-element elementor-element-36b8cf4 elementor-section-stretched elementor-section-boxed elementor-section-height-default elementor-section-height-default\" data-id=\"36b8cf4\" data-element_type=\"section\" data-settings=\"{&quot;stretch_section&quot;:&quot;section-stretched&quot;}\">\n\t\t\t\t\t\t<div class=\"elementor-container elementor-column-gap-wider\">\n\t\t\t\t\t<div class=\"elementor-column elementor-col-100 elementor-top-column elementor-element elementor-element-f1ac581\" data-id=\"f1ac581\" data-element_type=\"column\">\n\t\t\t<div class=\"elementor-widget-wrap elementor-element-populated\">\n\t\t\t\t\t\t<div class=\"elementor-element elementor-element-1fb64bb elementor-widget elementor-widget-text-editor\" data-id=\"1fb64bb\" data-element_type=\"widget\" data-widget_type=\"text-editor.default\">\n\t\t\t\t<div class=\"elementor-widget-container\">\n\t\t\t\t\t\t\t\t\t<h2>V\u00e1lvula de pall\u00f3n<\/h2><p>Esta nueva invenci\u00f3n fue dise\u00f1ada y patentada por Afonso Castro.<br \/><br \/>La funci\u00f3n principal es evitar que los roncos comiencen a sonar antes de que lo haga el punteiro e impedir que sigan sonando al parar.<br \/><br \/>Adem\u00e1s, el sonido de los roncos es m\u00e1s estable. En el requinteo, por ejemplo, la variaci\u00f3n sonora de los roncos dismin\u00fae notablemente gracias a la v\u00e1lvula de pall\u00f3n.<br \/><br \/>La colocaci\u00f3n es sencilla y f\u00e1cil de regular, con un simple giro con la llave consigues regularla para que comience y finalice a la par del punteiro.<br \/><br \/>Sirve para todo tipo de pallones, de ca\u00f1a o sint\u00e9ticos, y se puede utilizar tanto para el ronco como para la ronqueta y el chill\u00f3n.<\/p>\t\t\t\t\t\t\t\t<\/div>\n\t\t\t\t<\/div>\n\t\t\t\t\t<\/div>\n\t\t<\/div>\n\t\t\t\t\t<\/div>\n\t\t<\/section>\n\t\t\t\t<section class=\"elementor-section elementor-top-section elementor-element elementor-element-6d41250 elementor-section-stretched elementor-section-boxed elementor-section-height-default elementor-section-height-default\" data-id=\"6d41250\" data-element_type=\"section\" data-settings=\"{&quot;stretch_section&quot;:&quot;section-stretched&quot;}\">\n\t\t\t\t\t\t<div class=\"elementor-container elementor-column-gap-wider\">\n\t\t\t\t\t<div class=\"elementor-column elementor-col-100 elementor-top-column elementor-element elementor-element-1507de5\" data-id=\"1507de5\" data-element_type=\"column\">\n\t\t\t<div class=\"elementor-widget-wrap elementor-element-populated\">\n\t\t\t\t\t\t<div class=\"elementor-element elementor-element-f38eb51 elementor-widget elementor-widget-text-editor\" data-id=\"f38eb51\" data-element_type=\"widget\" data-widget_type=\"text-editor.default\">\n\t\t\t\t<div class=\"elementor-widget-container\">\n\t\t\t\t\t\t\t\t\t<h2>Vista de la v\u00e1lvula en varias posiciones<\/h2>\t\t\t\t\t\t\t\t<\/div>\n\t\t\t\t<\/div>\n\t\t\t\t\t<\/div>\n\t\t<\/div>\n\t\t\t\t\t<\/div>\n\t\t<\/section>\n\t\t\t\t<section class=\"elementor-section elementor-top-section elementor-element elementor-element-46e9ebb elementor-section-content-middle elementor-section-stretched elementor-section-boxed elementor-section-height-default elementor-section-height-default\" data-id=\"46e9ebb\" data-element_type=\"section\" data-settings=\"{&quot;stretch_section&quot;:&quot;section-stretched&quot;}\">\n\t\t\t\t\t\t<div class=\"elementor-container elementor-column-gap-wider\">\n\t\t\t\t\t<div class=\"elementor-column elementor-col-33 elementor-top-column elementor-element elementor-element-ded2166\" data-id=\"ded2166\" data-element_type=\"column\">\n\t\t\t<div class=\"elementor-widget-wrap elementor-element-populated\">\n\t\t\t\t\t\t<div class=\"elementor-element elementor-element-784b8c2 elementor-widget elementor-widget-image\" data-id=\"784b8c2\" data-element_type=\"widget\" data-widget_type=\"image.default\">\n\t\t\t\t<div class=\"elementor-widget-container\">\n\t\t\t\t\t\t\t\t\t\t\t\t\t\t\t<img decoding=\"async\" width=\"80\" height=\"82\" src=\"https:\/\/afonsocastro.com\/nova\/wp-content\/uploads\/2024\/11\/valvulapallon.jpg\" class=\"attachment-large size-large wp-image-321\" alt=\"\" srcset=\"https:\/\/afonsocastro.com\/nova\/wp-content\/uploads\/2024\/11\/valvulapallon.jpg 80w, https:\/\/afonsocastro.com\/nova\/wp-content\/uploads\/2024\/11\/valvulapallon-73x75.jpg 73w\" sizes=\"(max-width:767px) 80px, 80px\" \/>\t\t\t\t\t\t\t\t\t\t\t\t\t\t\t<\/div>\n\t\t\t\t<\/div>\n\t\t\t\t\t<\/div>\n\t\t<\/div>\n\t\t\t\t<div class=\"elementor-column elementor-col-33 elementor-top-column elementor-element elementor-element-ed14ff0\" data-id=\"ed14ff0\" data-element_type=\"column\">\n\t\t\t<div class=\"elementor-widget-wrap elementor-element-populated\">\n\t\t\t\t\t\t<div class=\"elementor-element elementor-element-0a639b2 elementor-widget elementor-widget-image\" data-id=\"0a639b2\" data-element_type=\"widget\" data-widget_type=\"image.default\">\n\t\t\t\t<div class=\"elementor-widget-container\">\n\t\t\t\t\t\t\t\t\t\t\t\t\t\t\t<img decoding=\"async\" width=\"80\" height=\"81\" src=\"https:\/\/afonsocastro.com\/nova\/wp-content\/uploads\/2024\/11\/valvulafrente.jpg\" class=\"attachment-large size-large wp-image-323\" alt=\"\" srcset=\"https:\/\/afonsocastro.com\/nova\/wp-content\/uploads\/2024\/11\/valvulafrente.jpg 80w, https:\/\/afonsocastro.com\/nova\/wp-content\/uploads\/2024\/11\/valvulafrente-74x75.jpg 74w\" sizes=\"(max-width:767px) 80px, 80px\" \/>\t\t\t\t\t\t\t\t\t\t\t\t\t\t\t<\/div>\n\t\t\t\t<\/div>\n\t\t\t\t\t<\/div>\n\t\t<\/div>\n\t\t\t\t<div class=\"elementor-column elementor-col-33 elementor-top-column elementor-element elementor-element-cd4b617\" data-id=\"cd4b617\" data-element_type=\"column\">\n\t\t\t<div class=\"elementor-widget-wrap elementor-element-populated\">\n\t\t\t\t\t\t<div class=\"elementor-element elementor-element-604605a elementor-widget elementor-widget-image\" data-id=\"604605a\" data-element_type=\"widget\" data-widget_type=\"image.default\">\n\t\t\t\t<div class=\"elementor-widget-container\">\n\t\t\t\t\t\t\t\t\t\t\t\t\t\t\t<img decoding=\"async\" width=\"80\" height=\"84\" src=\"https:\/\/afonsocastro.com\/nova\/wp-content\/uploads\/2024\/11\/valvuladetras.jpg\" class=\"attachment-large size-large wp-image-322\" alt=\"\" srcset=\"https:\/\/afonsocastro.com\/nova\/wp-content\/uploads\/2024\/11\/valvuladetras.jpg 80w, https:\/\/afonsocastro.com\/nova\/wp-content\/uploads\/2024\/11\/valvuladetras-71x75.jpg 71w\" sizes=\"(max-width:767px) 80px, 80px\" \/>\t\t\t\t\t\t\t\t\t\t\t\t\t\t\t<\/div>\n\t\t\t\t<\/div>\n\t\t\t\t\t<\/div>\n\t\t<\/div>\n\t\t\t\t\t<\/div>\n\t\t<\/section>\n\t\t\t\t<section class=\"elementor-section elementor-top-section elementor-element elementor-element-fb1b46b elementor-section-stretched elementor-section-boxed elementor-section-height-default elementor-section-height-default\" data-id=\"fb1b46b\" data-element_type=\"section\" data-settings=\"{&quot;stretch_section&quot;:&quot;section-stretched&quot;}\">\n\t\t\t\t\t\t<div class=\"elementor-container elementor-column-gap-wider\">\n\t\t\t\t\t<div class=\"elementor-column elementor-col-100 elementor-top-column elementor-element elementor-element-a6c32d3\" data-id=\"a6c32d3\" data-element_type=\"column\">\n\t\t\t<div class=\"elementor-widget-wrap elementor-element-populated\">\n\t\t\t\t\t\t<div class=\"elementor-element elementor-element-faf2f94 elementor-widget elementor-widget-text-editor\" data-id=\"faf2f94\" data-element_type=\"widget\" data-widget_type=\"text-editor.default\">\n\t\t\t\t<div class=\"elementor-widget-container\">\n\t\t\t\t\t\t\t\t\t<p>La v\u00e1lvula va en la parte interior de la buxa, colocada y regulada por medio de la <strong>llave de pall\u00f3n<\/strong> que tambi\u00e9n suministramos. <br \/>Esta llave tiene por un lado rosca, en la cual se enrosca el tornillo de la v\u00e1lvula para as\u00ed poder introducir o retirar esta de la buxa; y por el otro lado tiene cabeza hexagonal, con la que ajustamos la tuerca que tiene la v\u00e1lvula. Girando esta regulamos la presi\u00f3n que hace en la l\u00e1mina de cierre del aire, consiguiendo de esta forma regular a qu\u00e9 presi\u00f3n pasa el aire, y por tanto, cuando queremos que comience a sonar el ronco.<\/p>\t\t\t\t\t\t\t\t<\/div>\n\t\t\t\t<\/div>\n\t\t\t\t\t<\/div>\n\t\t<\/div>\n\t\t\t\t\t<\/div>\n\t\t<\/section>\n\t\t\t\t<section class=\"elementor-section elementor-top-section elementor-element elementor-element-327e99d elementor-section-stretched elementor-section-boxed elementor-section-height-default elementor-section-height-default\" data-id=\"327e99d\" data-element_type=\"section\" data-settings=\"{&quot;stretch_section&quot;:&quot;section-stretched&quot;}\">\n\t\t\t\t\t\t<div class=\"elementor-container elementor-column-gap-wider\">\n\t\t\t\t\t<div class=\"elementor-column elementor-col-100 elementor-top-column elementor-element elementor-element-ddf7559\" data-id=\"ddf7559\" data-element_type=\"column\">\n\t\t\t<div class=\"elementor-widget-wrap elementor-element-populated\">\n\t\t\t\t\t\t<div class=\"elementor-element elementor-element-73aac13 elementor-widget elementor-widget-text-editor\" data-id=\"73aac13\" data-element_type=\"widget\" data-widget_type=\"text-editor.default\">\n\t\t\t\t<div class=\"elementor-widget-container\">\n\t\t\t\t\t\t\t\t\t<h2><span class=\"Estilo21\"><strong>Llave de la v\u00e1lvula de pall\u00f3n<\/strong><\/span><\/h2>\t\t\t\t\t\t\t\t<\/div>\n\t\t\t\t<\/div>\n\t\t\t\t<div class=\"elementor-element elementor-element-6f16322 elementor-widget elementor-widget-image\" data-id=\"6f16322\" data-element_type=\"widget\" data-widget_type=\"image.default\">\n\t\t\t\t<div class=\"elementor-widget-container\">\n\t\t\t\t\t\t\t\t\t\t\t\t\t\t\t<img loading=\"lazy\" decoding=\"async\" width=\"600\" height=\"60\" src=\"https:\/\/afonsocastro.com\/nova\/wp-content\/uploads\/2024\/11\/Chave.jpg\" class=\"attachment-large size-large wp-image-330\" alt=\"\" srcset=\"https:\/\/afonsocastro.com\/nova\/wp-content\/uploads\/2024\/11\/Chave.jpg 600w, https:\/\/afonsocastro.com\/nova\/wp-content\/uploads\/2024\/11\/Chave-500x50.jpg 500w, https:\/\/afonsocastro.com\/nova\/wp-content\/uploads\/2024\/11\/Chave-300x30.jpg 300w, https:\/\/afonsocastro.com\/nova\/wp-content\/uploads\/2024\/11\/Chave-150x15.jpg 150w, https:\/\/afonsocastro.com\/nova\/wp-content\/uploads\/2024\/11\/Chave-480x48.jpg 480w\" sizes=\"(max-width:767px) 480px, 600px\" \/>\t\t\t\t\t\t\t\t\t\t\t\t\t\t\t<\/div>\n\t\t\t\t<\/div>\n\t\t\t\t<div class=\"elementor-element elementor-element-0a95df4 elementor-widget elementor-widget-text-editor\" data-id=\"0a95df4\" data-element_type=\"widget\" data-widget_type=\"text-editor.default\">\n\t\t\t\t<div class=\"elementor-widget-container\">\n\t\t\t\t\t\t\t\t\tEn la siguiente imagen se puede ver c\u00f3mo queda colocada la v\u00e1lvula\t\t\t\t\t\t\t\t<\/div>\n\t\t\t\t<\/div>\n\t\t\t\t<div class=\"elementor-element elementor-element-b6842e8 elementor-widget elementor-widget-image\" data-id=\"b6842e8\" data-element_type=\"widget\" data-widget_type=\"image.default\">\n\t\t\t\t<div class=\"elementor-widget-container\">\n\t\t\t\t\t\t\t\t\t\t\t\t\t\t\t<img loading=\"lazy\" decoding=\"async\" width=\"700\" height=\"237\" src=\"https:\/\/afonsocastro.com\/nova\/wp-content\/uploads\/2024\/11\/gaitavalvula.jpg\" class=\"attachment-large size-large wp-image-331\" alt=\"\" srcset=\"https:\/\/afonsocastro.com\/nova\/wp-content\/uploads\/2024\/11\/gaitavalvula.jpg 700w, https:\/\/afonsocastro.com\/nova\/wp-content\/uploads\/2024\/11\/gaitavalvula-500x169.jpg 500w, https:\/\/afonsocastro.com\/nova\/wp-content\/uploads\/2024\/11\/gaitavalvula-300x102.jpg 300w, https:\/\/afonsocastro.com\/nova\/wp-content\/uploads\/2024\/11\/gaitavalvula-150x51.jpg 150w, https:\/\/afonsocastro.com\/nova\/wp-content\/uploads\/2024\/11\/gaitavalvula-480x163.jpg 480w\" sizes=\"(max-width:767px) 480px, 700px\" \/>\t\t\t\t\t\t\t\t\t\t\t\t\t\t\t<\/div>\n\t\t\t\t<\/div>\n\t\t\t\t\t<\/div>\n\t\t<\/div>\n\t\t\t\t\t<\/div>\n\t\t<\/section>\n\t\t\t\t<section class=\"elementor-section elementor-top-section elementor-element elementor-element-4cab698 elementor-section-stretched elementor-section-boxed elementor-section-height-default elementor-section-height-default\" data-id=\"4cab698\" data-element_type=\"section\" data-settings=\"{&quot;stretch_section&quot;:&quot;section-stretched&quot;,&quot;background_background&quot;:&quot;classic&quot;}\">\n\t\t\t\t\t\t<div class=\"elementor-container elementor-column-gap-wider\">\n\t\t\t\t\t<div class=\"elementor-column elementor-col-100 elementor-top-column elementor-element elementor-element-448635c\" data-id=\"448635c\" data-element_type=\"column\">\n\t\t\t<div class=\"elementor-widget-wrap elementor-element-populated\">\n\t\t\t\t\t\t<div class=\"elementor-element elementor-element-8bfc0da elementor-widget elementor-widget-video\" data-id=\"8bfc0da\" data-element_type=\"widget\" data-settings=\"{&quot;youtube_url&quot;:&quot;https:\\\/\\\/youtu.be\\\/7rto_lMC9Fc?feature=shared&quot;,&quot;video_type&quot;:&quot;youtube&quot;,&quot;controls&quot;:&quot;yes&quot;}\" data-widget_type=\"video.default\">\n\t\t\t\t<div class=\"elementor-widget-container\">\n\t\t\t\t\t\t\t<div class=\"elementor-wrapper elementor-open-inline\">\n\t\t\t<div class=\"elementor-video\"><\/div>\t\t<\/div>\n\t\t\t\t\t\t<\/div>\n\t\t\t\t<\/div>\n\t\t\t\t\t<\/div>\n\t\t<\/div>\n\t\t\t\t\t<\/div>\n\t\t<\/section>\n\t\t\t\t<\/div>\n\t\t","protected":false},"excerpt":{"rendered":"<p>V\u00e1lvula de pall\u00f3n V\u00e1lvula de pall\u00f3n Esta nueva invenci\u00f3n fue dise\u00f1ada y patentada por Afonso Castro. La funci\u00f3n principal es evitar que los roncos comiencen a<span class=\"excerpt-hellip\"> [\u2026]<\/span><\/p>\n","protected":false},"author":1,"featured_media":0,"parent":0,"menu_order":0,"comment_status":"closed","ping_status":"closed","template":"","meta":{"footnotes":""},"class_list":["post-1047","page","type-page","status-publish","hentry"],"yoast_head":"<!-- This site is optimized with the Yoast SEO plugin v26.5 - https:\/\/yoast.com\/wordpress\/plugins\/seo\/ -->\n<title>V\u00e1lvula de pall\u00f3n es - Afonso Castro<\/title>\n<meta name=\"robots\" content=\"index, follow, max-snippet:-1, max-image-preview:large, max-video-preview:-1\" \/>\n<link rel=\"canonical\" href=\"https:\/\/afonsocastro.com\/nova\/es\/valvula-de-pallon-es\/\" \/>\n<meta property=\"og:locale\" content=\"gl_ES\" \/>\n<meta property=\"og:type\" content=\"article\" \/>\n<meta property=\"og:title\" content=\"V\u00e1lvula de pall\u00f3n es - Afonso Castro\" \/>\n<meta property=\"og:description\" content=\"V\u00e1lvula de pall\u00f3n V\u00e1lvula de pall\u00f3n Esta nueva invenci\u00f3n fue dise\u00f1ada y patentada por Afonso Castro. La funci\u00f3n principal es evitar que los roncos comiencen a [\u2026]\" \/>\n<meta property=\"og:url\" content=\"https:\/\/afonsocastro.com\/nova\/es\/valvula-de-pallon-es\/\" \/>\n<meta property=\"og:site_name\" content=\"Afonso Castro\" \/>\n<meta property=\"article:publisher\" content=\"https:\/\/www.facebook.com\/Obradoiro-Afonso-Castro-523289888025882\/\" \/>\n<meta property=\"article:modified_time\" content=\"2024-12-26T09:36:25+00:00\" \/>\n<meta name=\"twitter:card\" content=\"summary_large_image\" \/>\n<meta name=\"twitter:label1\" content=\"Tempo de lectura\" \/>\n\t<meta name=\"twitter:data1\" content=\"1 minuto\" \/>\n<script type=\"application\/ld+json\" class=\"yoast-schema-graph\">{\"@context\":\"https:\/\/schema.org\",\"@graph\":[{\"@type\":\"WebPage\",\"@id\":\"https:\/\/afonsocastro.com\/nova\/es\/valvula-de-pallon-es\/\",\"url\":\"https:\/\/afonsocastro.com\/nova\/es\/valvula-de-pallon-es\/\",\"name\":\"V\u00e1lvula de pall\u00f3n es - Afonso Castro\",\"isPartOf\":{\"@id\":\"https:\/\/afonsocastro.com\/nova\/#website\"},\"primaryImageOfPage\":{\"@id\":\"https:\/\/afonsocastro.com\/nova\/es\/valvula-de-pallon-es\/#primaryimage\"},\"image\":{\"@id\":\"https:\/\/afonsocastro.com\/nova\/es\/valvula-de-pallon-es\/#primaryimage\"},\"thumbnailUrl\":\"https:\/\/afonsocastro.com\/nova\/wp-content\/uploads\/2020\/10\/corporation3-sectionbg2.png\",\"datePublished\":\"2024-12-17T10:26:34+00:00\",\"dateModified\":\"2024-12-26T09:36:25+00:00\",\"breadcrumb\":{\"@id\":\"https:\/\/afonsocastro.com\/nova\/es\/valvula-de-pallon-es\/#breadcrumb\"},\"inLanguage\":\"gl-ES\",\"potentialAction\":[{\"@type\":\"ReadAction\",\"target\":[\"https:\/\/afonsocastro.com\/nova\/es\/valvula-de-pallon-es\/\"]}]},{\"@type\":\"ImageObject\",\"inLanguage\":\"gl-ES\",\"@id\":\"https:\/\/afonsocastro.com\/nova\/es\/valvula-de-pallon-es\/#primaryimage\",\"url\":\"\",\"contentUrl\":\"\"},{\"@type\":\"BreadcrumbList\",\"@id\":\"https:\/\/afonsocastro.com\/nova\/es\/valvula-de-pallon-es\/#breadcrumb\",\"itemListElement\":[{\"@type\":\"ListItem\",\"position\":1,\"name\":\"Inicio\",\"item\":\"https:\/\/afonsocastro.com\/nova\/\"},{\"@type\":\"ListItem\",\"position\":2,\"name\":\"V\u00e1lvula de pall\u00f3n es\"}]},{\"@type\":\"WebSite\",\"@id\":\"https:\/\/afonsocastro.com\/nova\/#website\",\"url\":\"https:\/\/afonsocastro.com\/nova\/\",\"name\":\"Afonso Castro\",\"description\":\"Obradoiro de Gaitas\",\"publisher\":{\"@id\":\"https:\/\/afonsocastro.com\/nova\/#organization\"},\"potentialAction\":[{\"@type\":\"SearchAction\",\"target\":{\"@type\":\"EntryPoint\",\"urlTemplate\":\"https:\/\/afonsocastro.com\/nova\/?s={search_term_string}\"},\"query-input\":{\"@type\":\"PropertyValueSpecification\",\"valueRequired\":true,\"valueName\":\"search_term_string\"}}],\"inLanguage\":\"gl-ES\"},{\"@type\":\"Organization\",\"@id\":\"https:\/\/afonsocastro.com\/nova\/#organization\",\"name\":\"Afonso Castro\",\"url\":\"https:\/\/afonsocastro.com\/nova\/\",\"logo\":{\"@type\":\"ImageObject\",\"inLanguage\":\"gl-ES\",\"@id\":\"https:\/\/afonsocastro.com\/nova\/#\/schema\/logo\/image\/\",\"url\":\"https:\/\/afonsocastro.com\/nova\/wp-content\/uploads\/2024\/10\/Logo_1.png\",\"contentUrl\":\"https:\/\/afonsocastro.com\/nova\/wp-content\/uploads\/2024\/10\/Logo_1.png\",\"width\":2493,\"height\":1000,\"caption\":\"Afonso Castro\"},\"image\":{\"@id\":\"https:\/\/afonsocastro.com\/nova\/#\/schema\/logo\/image\/\"},\"sameAs\":[\"https:\/\/www.facebook.com\/Obradoiro-Afonso-Castro-523289888025882\/\",\"http:\/\/www.youtube.com\/user\/AFONS0CASTRO\"]}]}<\/script>\n<!-- \/ Yoast SEO plugin. -->","yoast_head_json":{"title":"V\u00e1lvula de pall\u00f3n es - Afonso Castro","robots":{"index":"index","follow":"follow","max-snippet":"max-snippet:-1","max-image-preview":"max-image-preview:large","max-video-preview":"max-video-preview:-1"},"canonical":"https:\/\/afonsocastro.com\/nova\/es\/valvula-de-pallon-es\/","og_locale":"gl_ES","og_type":"article","og_title":"V\u00e1lvula de pall\u00f3n es - Afonso Castro","og_description":"V\u00e1lvula de pall\u00f3n V\u00e1lvula de pall\u00f3n Esta nueva invenci\u00f3n fue dise\u00f1ada y patentada por Afonso Castro. La funci\u00f3n principal es evitar que los roncos comiencen a [\u2026]","og_url":"https:\/\/afonsocastro.com\/nova\/es\/valvula-de-pallon-es\/","og_site_name":"Afonso Castro","article_publisher":"https:\/\/www.facebook.com\/Obradoiro-Afonso-Castro-523289888025882\/","article_modified_time":"2024-12-26T09:36:25+00:00","twitter_card":"summary_large_image","twitter_misc":{"Tempo de lectura":"1 minuto"},"schema":{"@context":"https:\/\/schema.org","@graph":[{"@type":"WebPage","@id":"https:\/\/afonsocastro.com\/nova\/es\/valvula-de-pallon-es\/","url":"https:\/\/afonsocastro.com\/nova\/es\/valvula-de-pallon-es\/","name":"V\u00e1lvula de pall\u00f3n es - Afonso Castro","isPartOf":{"@id":"https:\/\/afonsocastro.com\/nova\/#website"},"primaryImageOfPage":{"@id":"https:\/\/afonsocastro.com\/nova\/es\/valvula-de-pallon-es\/#primaryimage"},"image":{"@id":"https:\/\/afonsocastro.com\/nova\/es\/valvula-de-pallon-es\/#primaryimage"},"thumbnailUrl":"https:\/\/afonsocastro.com\/nova\/wp-content\/uploads\/2020\/10\/corporation3-sectionbg2.png","datePublished":"2024-12-17T10:26:34+00:00","dateModified":"2024-12-26T09:36:25+00:00","breadcrumb":{"@id":"https:\/\/afonsocastro.com\/nova\/es\/valvula-de-pallon-es\/#breadcrumb"},"inLanguage":"gl-ES","potentialAction":[{"@type":"ReadAction","target":["https:\/\/afonsocastro.com\/nova\/es\/valvula-de-pallon-es\/"]}]},{"@type":"ImageObject","inLanguage":"gl-ES","@id":"https:\/\/afonsocastro.com\/nova\/es\/valvula-de-pallon-es\/#primaryimage","url":"","contentUrl":""},{"@type":"BreadcrumbList","@id":"https:\/\/afonsocastro.com\/nova\/es\/valvula-de-pallon-es\/#breadcrumb","itemListElement":[{"@type":"ListItem","position":1,"name":"Inicio","item":"https:\/\/afonsocastro.com\/nova\/"},{"@type":"ListItem","position":2,"name":"V\u00e1lvula de pall\u00f3n es"}]},{"@type":"WebSite","@id":"https:\/\/afonsocastro.com\/nova\/#website","url":"https:\/\/afonsocastro.com\/nova\/","name":"Afonso Castro","description":"Obradoiro de Gaitas","publisher":{"@id":"https:\/\/afonsocastro.com\/nova\/#organization"},"potentialAction":[{"@type":"SearchAction","target":{"@type":"EntryPoint","urlTemplate":"https:\/\/afonsocastro.com\/nova\/?s={search_term_string}"},"query-input":{"@type":"PropertyValueSpecification","valueRequired":true,"valueName":"search_term_string"}}],"inLanguage":"gl-ES"},{"@type":"Organization","@id":"https:\/\/afonsocastro.com\/nova\/#organization","name":"Afonso Castro","url":"https:\/\/afonsocastro.com\/nova\/","logo":{"@type":"ImageObject","inLanguage":"gl-ES","@id":"https:\/\/afonsocastro.com\/nova\/#\/schema\/logo\/image\/","url":"https:\/\/afonsocastro.com\/nova\/wp-content\/uploads\/2024\/10\/Logo_1.png","contentUrl":"https:\/\/afonsocastro.com\/nova\/wp-content\/uploads\/2024\/10\/Logo_1.png","width":2493,"height":1000,"caption":"Afonso Castro"},"image":{"@id":"https:\/\/afonsocastro.com\/nova\/#\/schema\/logo\/image\/"},"sameAs":["https:\/\/www.facebook.com\/Obradoiro-Afonso-Castro-523289888025882\/","http:\/\/www.youtube.com\/user\/AFONS0CASTRO"]}]}},"_links":{"self":[{"href":"https:\/\/afonsocastro.com\/nova\/wp-json\/wp\/v2\/pages\/1047","targetHints":{"allow":["GET"]}}],"collection":[{"href":"https:\/\/afonsocastro.com\/nova\/wp-json\/wp\/v2\/pages"}],"about":[{"href":"https:\/\/afonsocastro.com\/nova\/wp-json\/wp\/v2\/types\/page"}],"author":[{"embeddable":true,"href":"https:\/\/afonsocastro.com\/nova\/wp-json\/wp\/v2\/users\/1"}],"replies":[{"embeddable":true,"href":"https:\/\/afonsocastro.com\/nova\/wp-json\/wp\/v2\/comments?post=1047"}],"version-history":[{"count":4,"href":"https:\/\/afonsocastro.com\/nova\/wp-json\/wp\/v2\/pages\/1047\/revisions"}],"predecessor-version":[{"id":1286,"href":"https:\/\/afonsocastro.com\/nova\/wp-json\/wp\/v2\/pages\/1047\/revisions\/1286"}],"wp:attachment":[{"href":"https:\/\/afonsocastro.com\/nova\/wp-json\/wp\/v2\/media?parent=1047"}],"curies":[{"name":"wp","href":"https:\/\/api.w.org\/{rel}","templated":true}]}}