{"id":16,"date":"2020-10-19T12:52:46","date_gmt":"2020-10-19T12:52:46","guid":{"rendered":"https:\/\/themes.muffingroup.com\/be\/corporation3\/?page_id=16"},"modified":"2026-01-27T22:54:10","modified_gmt":"2026-01-27T21:54:10","slug":"contacto","status":"publish","type":"page","link":"https:\/\/afonsocastro.com\/nova\/contacto\/","title":{"rendered":"Contacto"},"content":{"rendered":"\t\t<div data-elementor-type=\"wp-page\" data-elementor-id=\"16\" class=\"elementor elementor-16\">\n\t\t\t\t\t\t<section class=\"elementor-section elementor-top-section elementor-element elementor-element-6d35e45 elementor-section-full_width elementor-section-stretched elementor-section-height-default elementor-section-height-default\" data-id=\"6d35e45\" data-element_type=\"section\" data-settings=\"{&quot;stretch_section&quot;:&quot;section-stretched&quot;,&quot;background_background&quot;:&quot;classic&quot;}\">\n\t\t\t\t\t\t<div class=\"elementor-container elementor-column-gap-no\">\n\t\t\t\t\t<div class=\"elementor-column elementor-col-50 elementor-top-column elementor-element elementor-element-b6e4ef5\" data-id=\"b6e4ef5\" data-element_type=\"column\">\n\t\t\t<div class=\"elementor-widget-wrap elementor-element-populated\">\n\t\t\t\t\t\t<div class=\"elementor-element elementor-element-e328887 elementor-widget elementor-widget-text-editor\" data-id=\"e328887\" data-element_type=\"widget\" data-widget_type=\"text-editor.default\">\n\t\t\t\t<div class=\"elementor-widget-container\">\n\t\t\t\t\t\t\t\t\t<h1><span style=\"color: #ffffff;\">Contacto<\/span><\/h1>\t\t\t\t\t\t\t\t<\/div>\n\t\t\t\t<\/div>\n\t\t\t\t<div class=\"elementor-element elementor-element-288a2ef elementor-widget elementor-widget-spacer\" data-id=\"288a2ef\" data-element_type=\"widget\" data-widget_type=\"spacer.default\">\n\t\t\t\t<div class=\"elementor-widget-container\">\n\t\t\t\t\t\t\t<div class=\"elementor-spacer\">\n\t\t\t<div class=\"elementor-spacer-inner\"><\/div>\n\t\t<\/div>\n\t\t\t\t\t\t<\/div>\n\t\t\t\t<\/div>\n\t\t\t\t\t<\/div>\n\t\t<\/div>\n\t\t\t\t<div class=\"elementor-column elementor-col-50 elementor-top-column elementor-element elementor-element-52491f3\" data-id=\"52491f3\" data-element_type=\"column\">\n\t\t\t<div class=\"elementor-widget-wrap elementor-element-populated\">\n\t\t\t\t\t\t<div class=\"elementor-element elementor-element-eb893f2 elementor-widget elementor-widget-spacer\" data-id=\"eb893f2\" data-element_type=\"widget\" data-widget_type=\"spacer.default\">\n\t\t\t\t<div class=\"elementor-widget-container\">\n\t\t\t\t\t\t\t<div class=\"elementor-spacer\">\n\t\t\t<div class=\"elementor-spacer-inner\"><\/div>\n\t\t<\/div>\n\t\t\t\t\t\t<\/div>\n\t\t\t\t<\/div>\n\t\t\t\t\t<\/div>\n\t\t<\/div>\n\t\t\t\t\t<\/div>\n\t\t<\/section>\n\t\t\t\t<section class=\"elementor-section elementor-top-section elementor-element elementor-element-8b54072 elementor-section-stretched elementor-section-boxed elementor-section-height-default elementor-section-height-default\" data-id=\"8b54072\" data-element_type=\"section\" data-settings=\"{&quot;stretch_section&quot;:&quot;section-stretched&quot;}\">\n\t\t\t\t\t\t<div class=\"elementor-container elementor-column-gap-wider\">\n\t\t\t\t\t<div class=\"elementor-column elementor-col-100 elementor-top-column elementor-element elementor-element-10f918c\" data-id=\"10f918c\" data-element_type=\"column\">\n\t\t\t<div class=\"elementor-widget-wrap elementor-element-populated\">\n\t\t\t\t\t\t<div class=\"elementor-element elementor-element-e6c5baf elementor-widget elementor-widget-image\" data-id=\"e6c5baf\" data-element_type=\"widget\" data-widget_type=\"image.default\">\n\t\t\t\t<div class=\"elementor-widget-container\">\n\t\t\t\t\t\t\t\t\t\t\t\t\t\t\t<img decoding=\"async\" src=\"https:\/\/afonsocastro.com\/nova\/wp-content\/uploads\/2020\/10\/corporation3-sectionbg2.png\" title=\"\" alt=\"\" loading=\"lazy\" \/>\t\t\t\t\t\t\t\t\t\t\t\t\t\t\t<\/div>\n\t\t\t\t<\/div>\n\t\t\t\t\t<\/div>\n\t\t<\/div>\n\t\t\t\t\t<\/div>\n\t\t<\/section>\n\t\t\t\t<section class=\"elementor-section elementor-top-section elementor-element elementor-element-ad6ae2f elementor-section-content-top elementor-section-stretched elementor-section-boxed elementor-section-height-default elementor-section-height-default\" data-id=\"ad6ae2f\" data-element_type=\"section\" data-settings=\"{&quot;stretch_section&quot;:&quot;section-stretched&quot;,&quot;background_background&quot;:&quot;classic&quot;}\">\n\t\t\t\t\t\t<div class=\"elementor-container elementor-column-gap-wider\">\n\t\t\t\t\t<div class=\"elementor-column elementor-col-50 elementor-top-column elementor-element elementor-element-cef6bc4\" data-id=\"cef6bc4\" data-element_type=\"column\">\n\t\t\t<div class=\"elementor-widget-wrap elementor-element-populated\">\n\t\t\t\t\t\t<div class=\"elementor-element elementor-element-f0fbc92 elementor-widget elementor-widget-text-editor\" data-id=\"f0fbc92\" data-element_type=\"widget\" data-widget_type=\"text-editor.default\">\n\t\t\t\t<div class=\"elementor-widget-container\">\n\t\t\t\t\t\t\t\t\t<h3><span class=\"themecolor\">Afonso Castro<br><\/span><\/h3>\n<h4>Casal, 24 &#8211; 36770 O Rosal<br>Pontevedra &#8211; GALIZA,<\/h4>\n<h5><strong>Tel: &nbsp; <\/strong>&nbsp;Tlf.: (34) 646 382 104<\/h5>\n<h5>&nbsp; &nbsp; &nbsp; &nbsp; &nbsp; Tlf.: (34) 986 625 441<\/h5>\n<h5><strong>E-mail:<\/strong>&nbsp;<a href=\"mailto:obradoiroafonsocastro@gmail.com\">obradoiroafonsocastro@gmail.com<\/a><\/h5>\t\t\t\t\t\t\t\t<\/div>\n\t\t\t\t<\/div>\n\t\t\t\t<div class=\"elementor-element elementor-element-3b65a40 elementor-widget elementor-widget-text-editor\" data-id=\"3b65a40\" data-element_type=\"widget\" data-widget_type=\"text-editor.default\">\n\t\t\t\t<div class=\"elementor-widget-container\">\n\t\t\t\t\t\t\t\t\t<h6>Redes sociais:<\/h6>\t\t\t\t\t\t\t\t<\/div>\n\t\t\t\t<\/div>\n\t\t\t\t<div class=\"elementor-element elementor-element-25bbb97 e-grid-align-left elementor-shape-rounded elementor-grid-0 elementor-widget elementor-widget-social-icons\" data-id=\"25bbb97\" data-element_type=\"widget\" data-widget_type=\"social-icons.default\">\n\t\t\t\t<div class=\"elementor-widget-container\">\n\t\t\t\t\t\t\t<div class=\"elementor-social-icons-wrapper elementor-grid\" role=\"list\">\n\t\t\t\t\t\t\t<span class=\"elementor-grid-item\" role=\"listitem\">\n\t\t\t\t\t<a class=\"elementor-icon elementor-social-icon elementor-social-icon-facebook elementor-repeater-item-418cb2a\" href=\"https:\/\/www.facebook.com\/Obradoiro-Afonso-Castro-523289888025882\/\" target=\"_blank\">\n\t\t\t\t\t\t<span class=\"elementor-screen-only\">Facebook<\/span>\n\t\t\t\t\t\t<svg aria-hidden=\"true\" class=\"e-font-icon-svg e-fab-facebook\" viewBox=\"0 0 512 512\" xmlns=\"http:\/\/www.w3.org\/2000\/svg\"><path d=\"M504 256C504 119 393 8 256 8S8 119 8 256c0 123.78 90.69 226.38 209.25 245V327.69h-63V256h63v-54.64c0-62.15 37-96.48 93.67-96.48 27.14 0 55.52 4.84 55.52 4.84v61h-31.28c-30.8 0-40.41 19.12-40.41 38.73V256h68.78l-11 71.69h-57.78V501C413.31 482.38 504 379.78 504 256z\"><\/path><\/svg>\t\t\t\t\t<\/a>\n\t\t\t\t<\/span>\n\t\t\t\t\t\t\t<span class=\"elementor-grid-item\" role=\"listitem\">\n\t\t\t\t\t<a class=\"elementor-icon elementor-social-icon elementor-social-icon-youtube elementor-repeater-item-e48ce9e\" href=\"http:\/\/www.youtube.com\/user\/AFONS0CASTRO\" target=\"_blank\">\n\t\t\t\t\t\t<span class=\"elementor-screen-only\">Youtube<\/span>\n\t\t\t\t\t\t<svg aria-hidden=\"true\" class=\"e-font-icon-svg e-fab-youtube\" viewBox=\"0 0 576 512\" xmlns=\"http:\/\/www.w3.org\/2000\/svg\"><path d=\"M549.655 124.083c-6.281-23.65-24.787-42.276-48.284-48.597C458.781 64 288 64 288 64S117.22 64 74.629 75.486c-23.497 6.322-42.003 24.947-48.284 48.597-11.412 42.867-11.412 132.305-11.412 132.305s0 89.438 11.412 132.305c6.281 23.65 24.787 41.5 48.284 47.821C117.22 448 288 448 288 448s170.78 0 213.371-11.486c23.497-6.321 42.003-24.171 48.284-47.821 11.412-42.867 11.412-132.305 11.412-132.305s0-89.438-11.412-132.305zm-317.51 213.508V175.185l142.739 81.205-142.739 81.201z\"><\/path><\/svg>\t\t\t\t\t<\/a>\n\t\t\t\t<\/span>\n\t\t\t\t\t<\/div>\n\t\t\t\t\t\t<\/div>\n\t\t\t\t<\/div>\n\t\t\t\t\t<\/div>\n\t\t<\/div>\n\t\t\t\t<div class=\"elementor-column elementor-col-50 elementor-top-column elementor-element elementor-element-24ecc08\" data-id=\"24ecc08\" data-element_type=\"column\">\n\t\t\t<div class=\"elementor-widget-wrap elementor-element-populated\">\n\t\t\t\t\t\t<div class=\"elementor-element elementor-element-061d82d elementor-widget elementor-widget-html\" data-id=\"061d82d\" data-element_type=\"widget\" data-widget_type=\"html.default\">\n\t\t\t\t<div class=\"elementor-widget-container\">\n\t\t\t\t\t<iframe src=\"https:\/\/www.google.com\/maps\/embed?pb=!1m18!1m12!1m3!1d5936.1894187606895!2d-8.8366396!3d41.93381619999999!2m3!1f0!2f0!3f0!3m2!1i1024!2i768!4f13.1!3m3!1m2!1s0xd25ead5340e6cf7%3A0xa276fe2f1485cf!2sAfonso%20Castro!5e0!3m2!1ses!2ses!4v1732621489531!5m2!1ses!2ses\" width=\"600\" height=\"450\" style=\"border:0;\" allowfullscreen=\"\" loading=\"lazy\" referrerpolicy=\"no-referrer-when-downgrade\"><\/iframe>\t\t\t\t<\/div>\n\t\t\t\t<\/div>\n\t\t\t\t\t<\/div>\n\t\t<\/div>\n\t\t\t\t\t<\/div>\n\t\t<\/section>\n\t\t\t\t<section class=\"elementor-section elementor-top-section elementor-element elementor-element-2ac2713 elementor-section-stretched elementor-section-boxed elementor-section-height-default elementor-section-height-default\" data-id=\"2ac2713\" data-element_type=\"section\" data-settings=\"{&quot;stretch_section&quot;:&quot;section-stretched&quot;,&quot;background_background&quot;:&quot;classic&quot;}\">\n\t\t\t\t\t\t<div class=\"elementor-container elementor-column-gap-default\">\n\t\t\t\t\t<div class=\"elementor-column elementor-col-100 elementor-top-column elementor-element elementor-element-2244d0b\" data-id=\"2244d0b\" data-element_type=\"column\">\n\t\t\t<div class=\"elementor-widget-wrap elementor-element-populated\">\n\t\t\t\t\t\t<div class=\"elementor-element elementor-element-95cc833 elementor-widget elementor-widget-image\" data-id=\"95cc833\" data-element_type=\"widget\" data-widget_type=\"image.default\">\n\t\t\t\t<div class=\"elementor-widget-container\">\n\t\t\t\t\t\t\t\t\t\t\t\t\t\t\t<img decoding=\"async\" src=\"https:\/\/afonsocastro.com\/nova\/wp-content\/uploads\/2020\/10\/corporation3-sectionbg2.png\" title=\"\" alt=\"\" loading=\"lazy\" \/>\t\t\t\t\t\t\t\t\t\t\t\t\t\t\t<\/div>\n\t\t\t\t<\/div>\n\t\t\t\t<div class=\"elementor-element elementor-element-d943a76 elementor-widget elementor-widget-text-editor\" data-id=\"d943a76\" data-element_type=\"widget\" data-widget_type=\"text-editor.default\">\n\t\t\t\t<div class=\"elementor-widget-container\">\n\t\t\t\t\t\t\t\t\t<h3>Formulario de compras<\/h3>\t\t\t\t\t\t\t\t<\/div>\n\t\t\t\t<\/div>\n\t\t\t\t<section class=\"elementor-section elementor-inner-section elementor-element elementor-element-73294b4 elementor-section-boxed elementor-section-height-default elementor-section-height-default\" data-id=\"73294b4\" data-element_type=\"section\">\n\t\t\t\t\t\t<div class=\"elementor-container elementor-column-gap-default\">\n\t\t\t\t\t<div class=\"elementor-column elementor-col-33 elementor-inner-column elementor-element elementor-element-4534282\" data-id=\"4534282\" data-element_type=\"column\">\n\t\t\t<div class=\"elementor-widget-wrap\">\n\t\t\t\t\t\t\t<\/div>\n\t\t<\/div>\n\t\t\t\t<div class=\"elementor-column elementor-col-33 elementor-inner-column elementor-element elementor-element-12767e3\" data-id=\"12767e3\" data-element_type=\"column\">\n\t\t\t<div class=\"elementor-widget-wrap elementor-element-populated\">\n\t\t\t\t\t\t<div class=\"elementor-element elementor-element-21015f8 elementor-widget elementor-widget-shortcode\" data-id=\"21015f8\" data-element_type=\"widget\" data-widget_type=\"shortcode.default\">\n\t\t\t\t<div class=\"elementor-widget-container\">\n\t\t\t\t\t\t\t<div class=\"elementor-shortcode\">\n<div class=\"wpcf7 no-js\" id=\"wpcf7-f345-o1\" lang=\"gl-ES\" dir=\"ltr\" data-wpcf7-id=\"345\">\n<div class=\"screen-reader-response\"><p role=\"status\" aria-live=\"polite\" aria-atomic=\"true\"><\/p> <ul><\/ul><\/div>\n<form action=\"\/nova\/wp-json\/wp\/v2\/pages\/16#wpcf7-f345-o1\" method=\"post\" class=\"wpcf7-form init\" aria-label=\"Formulario de contacto\" novalidate=\"novalidate\" data-status=\"init\">\n<fieldset class=\"hidden-fields-container\"><input type=\"hidden\" name=\"_wpcf7\" value=\"345\" \/><input type=\"hidden\" name=\"_wpcf7_version\" value=\"6.1.4\" \/><input type=\"hidden\" name=\"_wpcf7_locale\" value=\"gl_ES\" \/><input type=\"hidden\" name=\"_wpcf7_unit_tag\" value=\"wpcf7-f345-o1\" \/><input type=\"hidden\" name=\"_wpcf7_container_post\" value=\"0\" \/><input type=\"hidden\" name=\"_wpcf7_posted_data_hash\" value=\"\" \/><input type=\"hidden\" name=\"_wpcf7_recaptcha_response\" value=\"\" \/>\n<\/fieldset>\n<div class=\"column one-second\">\n\t<p><span class=\"wpcf7-form-control-wrap\" data-name=\"your-name\"><input size=\"40\" maxlength=\"400\" class=\"wpcf7-form-control wpcf7-text wpcf7-validates-as-required\" aria-required=\"true\" aria-invalid=\"false\" placeholder=\"O teu nome\" value=\"\" type=\"text\" name=\"your-name\" \/><\/span>\n\t<\/p>\n<\/div>\n<div class=\"column one-second\">\n\t<p><span class=\"wpcf7-form-control-wrap\" data-name=\"your-email\"><input size=\"40\" maxlength=\"400\" class=\"wpcf7-form-control wpcf7-email wpcf7-validates-as-required wpcf7-text wpcf7-validates-as-email\" aria-required=\"true\" aria-invalid=\"false\" placeholder=\"O teu correo electr\u00f3nico\" value=\"\" type=\"email\" name=\"your-email\" \/><\/span>\n\t<\/p>\n<\/div>\n<div class=\"column one\">\n\t<p><span class=\"wpcf7-form-control-wrap\" data-name=\"your-subject\"><input size=\"40\" maxlength=\"400\" class=\"wpcf7-form-control wpcf7-text wpcf7-validates-as-required\" aria-required=\"true\" aria-invalid=\"false\" placeholder=\"Tel\u00e9fono\" value=\"\" type=\"text\" name=\"your-subject\" \/><\/span>\n\t<\/p>\n<\/div>\n<div class=\"column one\">\n\t<p><span class=\"wpcf7-form-control-wrap\" data-name=\"your-message\"><textarea cols=\"40\" rows=\"6\" maxlength=\"2000\" class=\"wpcf7-form-control wpcf7-textarea wpcf7-validates-as-required\" aria-required=\"true\" aria-invalid=\"false\" placeholder=\"A t\u00faa mensaxe\" name=\"your-message\"><\/textarea><\/span>\n\t<\/p>\n<\/div>\n<p><span class=\"wpcf7-form-control-wrap\" data-name=\"acceptance-913\"><span class=\"wpcf7-form-control wpcf7-acceptance optional\"><span class=\"wpcf7-list-item\"><label><input type=\"checkbox\" name=\"acceptance-913\" value=\"1\" aria-invalid=\"false\" \/><span class=\"wpcf7-list-item-label\">Declaro entender a informaci\u00f3n facilitada e consinto o tratamento que se efectuar\u00e1 dos meus datos de car\u00e1cter persoal. <a href=\"https:\/\/afonsocastro.com\/nova\/politica-de-privacidade\/\" target=\"_blank\" rel=\"noopener\">Pol\u00edtica de privacidade<\/a><\/span><\/label><\/span><\/span><\/span><br \/>\n<span class=\"wpcf7-form-control-wrap\" data-name=\"acceptance-140\"><span class=\"wpcf7-form-control wpcf7-acceptance optional\"><span class=\"wpcf7-list-item\"><label><input type=\"checkbox\" name=\"acceptance-140\" value=\"1\" aria-invalid=\"false\" \/><span class=\"wpcf7-list-item-label\">Autorizo ao env\u00edo de comunicaci\u00f3ns informativas relativas \u00e1s actividades, produtos ou servizos por correo postal, correo electr\u00f3nico ou calquera outro medio electr\u00f3nico equivalente.<\/span><\/label><\/span><\/span><\/span>\n<\/p>\n<div class=\"column one\">\n\t<p><input class=\"wpcf7-form-control wpcf7-submit has-spinner\" type=\"submit\" value=\"Enviar\" \/>\n\t<\/p>\n<\/div><div class=\"wpcf7-response-output\" aria-hidden=\"true\"><\/div>\n<\/form>\n<\/div>\n<\/div>\n\t\t\t\t\t\t<\/div>\n\t\t\t\t<\/div>\n\t\t\t\t\t<\/div>\n\t\t<\/div>\n\t\t\t\t<div class=\"elementor-column elementor-col-33 elementor-inner-column elementor-element elementor-element-d34623c\" data-id=\"d34623c\" data-element_type=\"column\">\n\t\t\t<div class=\"elementor-widget-wrap\">\n\t\t\t\t\t\t\t<\/div>\n\t\t<\/div>\n\t\t\t\t\t<\/div>\n\t\t<\/section>\n\t\t\t\t\t<\/div>\n\t\t<\/div>\n\t\t\t\t\t<\/div>\n\t\t<\/section>\n\t\t\t\t<\/div>\n\t\t","protected":false},"excerpt":{"rendered":"<p>Contacto Afonso Castro Casal, 24 &#8211; 36770 O RosalPontevedra &#8211; GALIZA, Tel: &nbsp; &nbsp;Tlf.: (34) 646 382 104 &nbsp; &nbsp; &nbsp; &nbsp; &nbsp; Tlf.: (34) 986<span class=\"excerpt-hellip\"> [\u2026]<\/span><\/p>\n","protected":false},"author":1,"featured_media":0,"parent":0,"menu_order":0,"comment_status":"closed","ping_status":"closed","template":"","meta":{"footnotes":""},"class_list":["post-16","page","type-page","status-publish","hentry"],"yoast_head":"<!-- This site is optimized with the Yoast SEO plugin v26.5 - https:\/\/yoast.com\/wordpress\/plugins\/seo\/ -->\n<title>Contacto - Afonso Castro<\/title>\n<meta name=\"robots\" content=\"index, follow, max-snippet:-1, max-image-preview:large, max-video-preview:-1\" \/>\n<link rel=\"canonical\" href=\"https:\/\/afonsocastro.com\/nova\/contacto\/\" \/>\n<meta property=\"og:locale\" content=\"gl_ES\" \/>\n<meta property=\"og:type\" content=\"article\" \/>\n<meta property=\"og:title\" content=\"Contacto - Afonso Castro\" \/>\n<meta property=\"og:description\" content=\"Contacto Afonso Castro Casal, 24 &#8211; 36770 O RosalPontevedra &#8211; GALIZA, Tel: &nbsp; &nbsp;Tlf.: (34) 646 382 104 &nbsp; &nbsp; &nbsp; &nbsp; &nbsp; Tlf.: (34) 986 [\u2026]\" \/>\n<meta property=\"og:url\" content=\"https:\/\/afonsocastro.com\/nova\/contacto\/\" \/>\n<meta property=\"og:site_name\" content=\"Afonso Castro\" \/>\n<meta property=\"article:publisher\" content=\"https:\/\/www.facebook.com\/Obradoiro-Afonso-Castro-523289888025882\/\" \/>\n<meta property=\"article:modified_time\" content=\"2026-01-27T21:54:10+00:00\" \/>\n<meta property=\"og:image\" content=\"https:\/\/afonsocastro.com\/nova\/wp-content\/uploads\/2020\/10\/corporation3-sectionbg2.png\" \/>\n<meta name=\"twitter:card\" content=\"summary_large_image\" \/>\n<meta name=\"twitter:label1\" content=\"Tempo de lectura\" \/>\n\t<meta name=\"twitter:data1\" content=\"1 minuto\" \/>\n<script type=\"application\/ld+json\" class=\"yoast-schema-graph\">{\"@context\":\"https:\/\/schema.org\",\"@graph\":[{\"@type\":\"WebPage\",\"@id\":\"https:\/\/afonsocastro.com\/nova\/contacto\/\",\"url\":\"https:\/\/afonsocastro.com\/nova\/contacto\/\",\"name\":\"Contacto - Afonso Castro\",\"isPartOf\":{\"@id\":\"https:\/\/afonsocastro.com\/nova\/#website\"},\"primaryImageOfPage\":{\"@id\":\"https:\/\/afonsocastro.com\/nova\/contacto\/#primaryimage\"},\"image\":{\"@id\":\"https:\/\/afonsocastro.com\/nova\/contacto\/#primaryimage\"},\"thumbnailUrl\":\"https:\/\/afonsocastro.com\/nova\/wp-content\/uploads\/2020\/10\/corporation3-sectionbg2.png\",\"datePublished\":\"2020-10-19T12:52:46+00:00\",\"dateModified\":\"2026-01-27T21:54:10+00:00\",\"breadcrumb\":{\"@id\":\"https:\/\/afonsocastro.com\/nova\/contacto\/#breadcrumb\"},\"inLanguage\":\"gl-ES\",\"potentialAction\":[{\"@type\":\"ReadAction\",\"target\":[\"https:\/\/afonsocastro.com\/nova\/contacto\/\"]}]},{\"@type\":\"ImageObject\",\"inLanguage\":\"gl-ES\",\"@id\":\"https:\/\/afonsocastro.com\/nova\/contacto\/#primaryimage\",\"url\":\"\",\"contentUrl\":\"\"},{\"@type\":\"BreadcrumbList\",\"@id\":\"https:\/\/afonsocastro.com\/nova\/contacto\/#breadcrumb\",\"itemListElement\":[{\"@type\":\"ListItem\",\"position\":1,\"name\":\"Inicio\",\"item\":\"https:\/\/afonsocastro.com\/nova\/\"},{\"@type\":\"ListItem\",\"position\":2,\"name\":\"Contacto\"}]},{\"@type\":\"WebSite\",\"@id\":\"https:\/\/afonsocastro.com\/nova\/#website\",\"url\":\"https:\/\/afonsocastro.com\/nova\/\",\"name\":\"Afonso Castro\",\"description\":\"Obradoiro de Gaitas\",\"publisher\":{\"@id\":\"https:\/\/afonsocastro.com\/nova\/#organization\"},\"potentialAction\":[{\"@type\":\"SearchAction\",\"target\":{\"@type\":\"EntryPoint\",\"urlTemplate\":\"https:\/\/afonsocastro.com\/nova\/?s={search_term_string}\"},\"query-input\":{\"@type\":\"PropertyValueSpecification\",\"valueRequired\":true,\"valueName\":\"search_term_string\"}}],\"inLanguage\":\"gl-ES\"},{\"@type\":\"Organization\",\"@id\":\"https:\/\/afonsocastro.com\/nova\/#organization\",\"name\":\"Afonso Castro\",\"url\":\"https:\/\/afonsocastro.com\/nova\/\",\"logo\":{\"@type\":\"ImageObject\",\"inLanguage\":\"gl-ES\",\"@id\":\"https:\/\/afonsocastro.com\/nova\/#\/schema\/logo\/image\/\",\"url\":\"https:\/\/afonsocastro.com\/nova\/wp-content\/uploads\/2024\/10\/Logo_1.png\",\"contentUrl\":\"https:\/\/afonsocastro.com\/nova\/wp-content\/uploads\/2024\/10\/Logo_1.png\",\"width\":2493,\"height\":1000,\"caption\":\"Afonso Castro\"},\"image\":{\"@id\":\"https:\/\/afonsocastro.com\/nova\/#\/schema\/logo\/image\/\"},\"sameAs\":[\"https:\/\/www.facebook.com\/Obradoiro-Afonso-Castro-523289888025882\/\",\"http:\/\/www.youtube.com\/user\/AFONS0CASTRO\"]}]}<\/script>\n<!-- \/ Yoast SEO plugin. -->","yoast_head_json":{"title":"Contacto - Afonso Castro","robots":{"index":"index","follow":"follow","max-snippet":"max-snippet:-1","max-image-preview":"max-image-preview:large","max-video-preview":"max-video-preview:-1"},"canonical":"https:\/\/afonsocastro.com\/nova\/contacto\/","og_locale":"gl_ES","og_type":"article","og_title":"Contacto - Afonso Castro","og_description":"Contacto Afonso Castro Casal, 24 &#8211; 36770 O RosalPontevedra &#8211; GALIZA, Tel: &nbsp; &nbsp;Tlf.: (34) 646 382 104 &nbsp; &nbsp; &nbsp; &nbsp; &nbsp; Tlf.: (34) 986 [\u2026]","og_url":"https:\/\/afonsocastro.com\/nova\/contacto\/","og_site_name":"Afonso Castro","article_publisher":"https:\/\/www.facebook.com\/Obradoiro-Afonso-Castro-523289888025882\/","article_modified_time":"2026-01-27T21:54:10+00:00","og_image":[{"url":"https:\/\/afonsocastro.com\/nova\/wp-content\/uploads\/2020\/10\/corporation3-sectionbg2.png","type":"","width":"","height":""}],"twitter_card":"summary_large_image","twitter_misc":{"Tempo de lectura":"1 minuto"},"schema":{"@context":"https:\/\/schema.org","@graph":[{"@type":"WebPage","@id":"https:\/\/afonsocastro.com\/nova\/contacto\/","url":"https:\/\/afonsocastro.com\/nova\/contacto\/","name":"Contacto - Afonso Castro","isPartOf":{"@id":"https:\/\/afonsocastro.com\/nova\/#website"},"primaryImageOfPage":{"@id":"https:\/\/afonsocastro.com\/nova\/contacto\/#primaryimage"},"image":{"@id":"https:\/\/afonsocastro.com\/nova\/contacto\/#primaryimage"},"thumbnailUrl":"https:\/\/afonsocastro.com\/nova\/wp-content\/uploads\/2020\/10\/corporation3-sectionbg2.png","datePublished":"2020-10-19T12:52:46+00:00","dateModified":"2026-01-27T21:54:10+00:00","breadcrumb":{"@id":"https:\/\/afonsocastro.com\/nova\/contacto\/#breadcrumb"},"inLanguage":"gl-ES","potentialAction":[{"@type":"ReadAction","target":["https:\/\/afonsocastro.com\/nova\/contacto\/"]}]},{"@type":"ImageObject","inLanguage":"gl-ES","@id":"https:\/\/afonsocastro.com\/nova\/contacto\/#primaryimage","url":"","contentUrl":""},{"@type":"BreadcrumbList","@id":"https:\/\/afonsocastro.com\/nova\/contacto\/#breadcrumb","itemListElement":[{"@type":"ListItem","position":1,"name":"Inicio","item":"https:\/\/afonsocastro.com\/nova\/"},{"@type":"ListItem","position":2,"name":"Contacto"}]},{"@type":"WebSite","@id":"https:\/\/afonsocastro.com\/nova\/#website","url":"https:\/\/afonsocastro.com\/nova\/","name":"Afonso Castro","description":"Obradoiro de Gaitas","publisher":{"@id":"https:\/\/afonsocastro.com\/nova\/#organization"},"potentialAction":[{"@type":"SearchAction","target":{"@type":"EntryPoint","urlTemplate":"https:\/\/afonsocastro.com\/nova\/?s={search_term_string}"},"query-input":{"@type":"PropertyValueSpecification","valueRequired":true,"valueName":"search_term_string"}}],"inLanguage":"gl-ES"},{"@type":"Organization","@id":"https:\/\/afonsocastro.com\/nova\/#organization","name":"Afonso Castro","url":"https:\/\/afonsocastro.com\/nova\/","logo":{"@type":"ImageObject","inLanguage":"gl-ES","@id":"https:\/\/afonsocastro.com\/nova\/#\/schema\/logo\/image\/","url":"https:\/\/afonsocastro.com\/nova\/wp-content\/uploads\/2024\/10\/Logo_1.png","contentUrl":"https:\/\/afonsocastro.com\/nova\/wp-content\/uploads\/2024\/10\/Logo_1.png","width":2493,"height":1000,"caption":"Afonso Castro"},"image":{"@id":"https:\/\/afonsocastro.com\/nova\/#\/schema\/logo\/image\/"},"sameAs":["https:\/\/www.facebook.com\/Obradoiro-Afonso-Castro-523289888025882\/","http:\/\/www.youtube.com\/user\/AFONS0CASTRO"]}]}},"_links":{"self":[{"href":"https:\/\/afonsocastro.com\/nova\/wp-json\/wp\/v2\/pages\/16","targetHints":{"allow":["GET"]}}],"collection":[{"href":"https:\/\/afonsocastro.com\/nova\/wp-json\/wp\/v2\/pages"}],"about":[{"href":"https:\/\/afonsocastro.com\/nova\/wp-json\/wp\/v2\/types\/page"}],"author":[{"embeddable":true,"href":"https:\/\/afonsocastro.com\/nova\/wp-json\/wp\/v2\/users\/1"}],"replies":[{"embeddable":true,"href":"https:\/\/afonsocastro.com\/nova\/wp-json\/wp\/v2\/comments?post=16"}],"version-history":[{"count":64,"href":"https:\/\/afonsocastro.com\/nova\/wp-json\/wp\/v2\/pages\/16\/revisions"}],"predecessor-version":[{"id":7061,"href":"https:\/\/afonsocastro.com\/nova\/wp-json\/wp\/v2\/pages\/16\/revisions\/7061"}],"wp:attachment":[{"href":"https:\/\/afonsocastro.com\/nova\/wp-json\/wp\/v2\/media?parent=16"}],"curies":[{"name":"wp","href":"https:\/\/api.w.org\/{rel}","templated":true}]}}