{"id":996,"date":"2024-12-13T10:30:12","date_gmt":"2024-12-13T09:30:12","guid":{"rendered":"https:\/\/afonsocastro.com\/nova\/?page_id=996"},"modified":"2024-12-17T12:53:48","modified_gmt":"2024-12-17T11:53:48","slug":"inicio-pt","status":"publish","type":"page","link":"https:\/\/afonsocastro.com\/nova\/pt\/inicio-pt\/","title":{"rendered":"Inicio PT"},"content":{"rendered":"\t\t<div data-elementor-type=\"wp-page\" data-elementor-id=\"996\" class=\"elementor elementor-996\">\n\t\t\t\t<div class=\"elementor-element elementor-element-f62b2de e-flex e-con-boxed e-con e-parent\" data-id=\"f62b2de\" data-element_type=\"container\">\n\t\t\t\t\t<div class=\"e-con-inner\">\n\t\t\t\t<div class=\"elementor-element elementor-element-3cd7dda elementor-widget elementor-widget-slider_revolution\" data-id=\"3cd7dda\" data-element_type=\"widget\" data-widget_type=\"slider_revolution.default\">\n\t\t\t\t<div class=\"elementor-widget-container\">\n\t\t\t\t\t\n\t\t<div class=\"wp-block-themepunch-revslider\">\n\t\t\t\t<p class=\"rs-p-wp-fix\"><\/p>\n\t\t\t\t<sr7-module data-alias=\"slider-1-11-1\" data-id=\"5\" id=\"SR7_5_1\" class=\"rs-ov-hidden\" data-version=\"6.7.20\">\n\t\t\t\t\t<sr7-adjuster><\/sr7-adjuster>\n\t\t\t\t\t<sr7-content>\n\t\t\t\t\t\t<sr7-slide id=\"SR7_5_1-18\" data-key=\"18\">\n\t\t\t\t\t\t\t<sr7-bg id=\"SR7_5_1-18-3\" class=\"sr7-layer\"><noscript><img decoding=\"async\" src=\"https:\/\/afonsocastro.com\/nova\/wp-content\/uploads\/2024\/11\/Portada-1.jpg\" alt=\"\" title=\"Portada 1\"><\/noscript><\/sr7-bg>\n\t\t\t\t\t\t\t<sr7-txt id=\"SR7_5_1-18-1\" class=\"sr7-layer\">Dedicada \u00e0 constru\u00e7\u00e3o de gaitas de foles desde 1986<\/sr7-txt>\n\t\t\t\t\t\t<\/sr7-slide>\n\t\t\t\t\t\t<sr7-slide id=\"SR7_5_1-19\" data-key=\"19\">\n\t\t\t\t\t\t\t<sr7-bg id=\"SR7_5_1-19-3\" class=\"sr7-layer\"><noscript><img decoding=\"async\" src=\"https:\/\/afonsocastro.com\/nova\/wp-content\/uploads\/2024\/11\/Portada-2.jpg\" alt=\"\" title=\"Portada 2\"><\/noscript><\/sr7-bg>\n\t\t\t\t\t\t\t<sr7-txt id=\"SR7_5_1-19-1\" class=\"sr7-layer\">Dedicada \u00e0 constru\u00e7\u00e3o de gaitas de foles desde 1986<\/sr7-txt>\n\t\t\t\t\t\t<\/sr7-slide>\n\t\t\t\t\t\t<sr7-slide id=\"SR7_5_1-20\" data-key=\"20\">\n\t\t\t\t\t\t\t<sr7-bg id=\"SR7_5_1-20-3\" class=\"sr7-layer\"><noscript><img decoding=\"async\" src=\"https:\/\/afonsocastro.com\/nova\/wp-content\/uploads\/2024\/11\/Expondo-Pardinas-2021.jpg\" alt=\"\" title=\"A EC_0 4.12.15 2.11.0_20191121-1509\"><\/noscript><\/sr7-bg>\n\t\t\t\t\t\t\t<sr7-txt id=\"SR7_5_1-20-1\" class=\"sr7-layer\">Dedicada \u00e0 constru\u00e7\u00e3o de gaitas de foles desde 1986<\/sr7-txt>\n\t\t\t\t\t\t<\/sr7-slide>\n\t\t\t\t\t\t<sr7-slide id=\"SR7_5_1-22\" data-key=\"22\">\n\t\t\t\t\t\t<\/sr7-slide>\n\t\t\t\t\t<\/sr7-content>\n\t\t\t\t\t<image_lists style=\"display:none\">\n\t\t\t\t\t\t<img data-src=\"\/\/afonsocastro.com\/nova\/wp-content\/uploads\/2024\/11\/Portada-1.jpg\" data-libid=\"159\" data-lib=\"medialibrary\" title=\"Portada 1\" width=\"0\" height=\"0\" data-dbsrc=\"Ly9hZm9uc29jYXN0cm8uY29tL25vdmEvd3AtY29udGVudC91cGxvYWRzLzIwMjQvMTEvUG9ydGFkYS0xLmpwZw==\"\/>\n\t\t\t\t\t\t<img data-src=\"\/\/afonsocastro.com\/nova\/wp-content\/uploads\/2024\/11\/Portada-2.jpg\" data-libid=\"160\" data-lib=\"medialibrary\" title=\"Portada 2\" width=\"0\" height=\"0\" data-dbsrc=\"Ly9hZm9uc29jYXN0cm8uY29tL25vdmEvd3AtY29udGVudC91cGxvYWRzLzIwMjQvMTEvUG9ydGFkYS0yLmpwZw==\"\/>\n\t\t\t\t\t\t<img data-src=\"\/\/afonsocastro.com\/nova\/wp-content\/uploads\/2024\/11\/Expondo-Pardinas-2021.jpg\" data-libid=\"158\" data-lib=\"medialibrary\" title=\"A EC_0 4.12.15 2.11.0_20191121-1509\" width=\"0\" height=\"0\" data-dbsrc=\"Ly9hZm9uc29jYXN0cm8uY29tL25vdmEvd3AtY29udGVudC91cGxvYWRzLzIwMjQvMTEvRXhwb25kby1QYXJkaW5hcy0yMDIxLmpwZw==\"\/>\n\t\t\t\t\t<\/image_lists>\n\t\t\t\t<\/sr7-module>\n\t\t\t\t<script>\n\t\t\t\t\tSR7.PMH ??={}; SR7.PMH[\"SR7_5_1\"] = {cn:0,state:false,fn: function() { if (_tpt!==undefined && _tpt.prepareModuleHeight !== undefined) {  _tpt.prepareModuleHeight({id:\"SR7_5_1\",el:[900,900,768,960,720],type:'standard',shdw:'0',gh:[900,900,743,565,349],gw:[1240,1240,1024,778,480],vpt:['100px'],size:{fullWidth:true, fullHeight:false},mh:'0',onh:0,onw:0,bg:{color:'{\"orig\":\"transparent\",\"type\":\"solid\",\"string\":\"transparent\"}'}});   SR7.PMH[\"SR7_5_1\"].state=true;} else if((SR7.PMH[\"SR7_5_1\"].cn++)<100)\tsetTimeout( SR7.PMH[\"SR7_5_1\"].fn,19);}};SR7.PMH[\"SR7_5_1\" ].fn();\n\t\t\t\t<\/script>\n<\/div>\n\n\t\t\t\t\t\t<\/div>\n\t\t\t\t<\/div>\n\t\t\t\t\t<\/div>\n\t\t\t\t<\/div>\n\t\t\t\t<section class=\"elementor-section elementor-top-section elementor-element elementor-element-c54e391 elementor-section-content-middle elementor-section-stretched elementor-section-boxed elementor-section-height-default elementor-section-height-default\" data-id=\"c54e391\" data-element_type=\"section\" data-settings=\"{&quot;stretch_section&quot;:&quot;section-stretched&quot;,&quot;background_background&quot;:&quot;classic&quot;}\">\n\t\t\t\t\t\t<div class=\"elementor-container elementor-column-gap-wider\">\n\t\t\t\t\t<div class=\"elementor-column elementor-col-50 elementor-top-column elementor-element elementor-element-75d6413\" data-id=\"75d6413\" data-element_type=\"column\">\n\t\t\t<div class=\"elementor-widget-wrap elementor-element-populated\">\n\t\t\t\t\t\t<div class=\"elementor-element elementor-element-56d21fb elementor-widget elementor-widget-text-editor\" data-id=\"56d21fb\" data-element_type=\"widget\" data-widget_type=\"text-editor.default\">\n\t\t\t\t<div class=\"elementor-widget-container\">\n\t\t\t\t\t\t\t\t\t<h2>Obradoiro<br \/><span class=\"themecolor\">Afonso Castro<\/span><\/h2>\t\t\t\t\t\t\t\t<\/div>\n\t\t\t\t<\/div>\n\t\t\t\t<div class=\"elementor-element elementor-element-a703681 elementor-widget elementor-widget-text-editor\" data-id=\"a703681\" data-element_type=\"widget\" data-widget_type=\"text-editor.default\">\n\t\t\t\t<div class=\"elementor-widget-container\">\n\t\t\t\t\t\t\t\t\t<p>Bem-vindas e bem-vindos ao nosso s\u00edtio web, onde poder\u00e1 encontrar tudo o que est\u00e1 relacionado com a nossa oficina e principalmente com as nossas gaitas de foles, com todas as suas caracter\u00edsticas: madeiras, tons, an\u00e9is, vestidos&#8230;<\/p><p>Esta oficina comeza a s\u00faa actividade no ano 1986, e dende os seus inicios tem-se marcado como meta o aperfei\u00e7oamento da gaita galega como instrumento tradicional e aut\u00eantico s\u00edmbolo musical da Galiza.<\/p><p>Fruto de um trabalho cont\u00ednuo s\u00e3o as not\u00e1veis \u200b\u200bmelhorias tanto no timbre como na t\u00e9cnica das gaitas de foles atuais, entre as quais se destacam a possibilidade de tocar tanto com digita\u00e7\u00e3o fechada como aberta, o aperfei\u00e7oamento da escala menor, mais segura e afinada, ou a inven\u00e7\u00e3o da v\u00e1lvula palh\u00e3o em 2012, pe\u00e7a que resolve os problemas de sincroniza\u00e7\u00e3o do ronco com o ponteiro, tanto no in\u00edcio como no final da execu\u00e7\u00e3o, e que melhora consideravelmente as varia\u00e7\u00f5es do ronco.<\/p>\t\t\t\t\t\t\t\t<\/div>\n\t\t\t\t<\/div>\n\t\t\t\t<div class=\"elementor-element elementor-element-ec1c66c elementor-mobile-align-center elementor-align-center elementor-widget elementor-widget-button\" data-id=\"ec1c66c\" data-element_type=\"widget\" data-widget_type=\"button.default\">\n\t\t\t\t<div class=\"elementor-widget-container\">\n\t\t\t\t\t\t\t\t\t<div class=\"elementor-button-wrapper\">\n\t\t\t\t\t<a class=\"elementor-button elementor-button-link elementor-size-sm\" href=\"https:\/\/afonsocastro.com\/nova\/pt\/stock-pt\/\">\n\t\t\t\t\t\t<span class=\"elementor-button-content-wrapper\">\n\t\t\t\t\t\t\t\t\t<span class=\"elementor-button-text\">Ver stock<\/span>\n\t\t\t\t\t<\/span>\n\t\t\t\t\t<\/a>\n\t\t\t\t<\/div>\n\t\t\t\t\t\t\t\t<\/div>\n\t\t\t\t<\/div>\n\t\t\t\t\t<\/div>\n\t\t<\/div>\n\t\t\t\t<div class=\"elementor-column elementor-col-50 elementor-top-column elementor-element elementor-element-ff7ba29\" data-id=\"ff7ba29\" data-element_type=\"column\" data-settings=\"{&quot;background_background&quot;:&quot;classic&quot;}\">\n\t\t\t<div class=\"elementor-widget-wrap elementor-element-populated\">\n\t\t\t\t\t\t<div class=\"elementor-element elementor-element-e717aaa elementor-widget elementor-widget-image\" data-id=\"e717aaa\" data-element_type=\"widget\" data-widget_type=\"image.default\">\n\t\t\t\t<div class=\"elementor-widget-container\">\n\t\t\t\t\t\t\t\t\t\t\t\t\t\t\t<img loading=\"lazy\" decoding=\"async\" width=\"1117\" height=\"1080\" src=\"https:\/\/afonsocastro.com\/nova\/wp-content\/uploads\/2024\/12\/Expondo-en-Melide.jpg\" class=\"attachment-large size-large wp-image-401\" alt=\"\" srcset=\"https:\/\/afonsocastro.com\/nova\/wp-content\/uploads\/2024\/12\/Expondo-en-Melide.jpg 1117w, https:\/\/afonsocastro.com\/nova\/wp-content\/uploads\/2024\/12\/Expondo-en-Melide-500x483.jpg 500w, https:\/\/afonsocastro.com\/nova\/wp-content\/uploads\/2024\/12\/Expondo-en-Melide-300x290.jpg 300w, https:\/\/afonsocastro.com\/nova\/wp-content\/uploads\/2024\/12\/Expondo-en-Melide-768x743.jpg 768w, https:\/\/afonsocastro.com\/nova\/wp-content\/uploads\/2024\/12\/Expondo-en-Melide-78x75.jpg 78w, https:\/\/afonsocastro.com\/nova\/wp-content\/uploads\/2024\/12\/Expondo-en-Melide-480x464.jpg 480w\" sizes=\"(max-width:767px) 480px, (max-width:1117px) 100vw, 1117px\" \/>\t\t\t\t\t\t\t\t\t\t\t\t\t\t\t<\/div>\n\t\t\t\t<\/div>\n\t\t\t\t\t<\/div>\n\t\t<\/div>\n\t\t\t\t\t<\/div>\n\t\t<\/section>\n\t\t\t\t<section class=\"elementor-section elementor-top-section elementor-element elementor-element-d132ef2 elementor-section-content-middle elementor-section-stretched elementor-section-boxed elementor-section-height-default elementor-section-height-default\" data-id=\"d132ef2\" data-element_type=\"section\" data-settings=\"{&quot;stretch_section&quot;:&quot;section-stretched&quot;}\">\n\t\t\t\t\t\t<div class=\"elementor-container elementor-column-gap-wider\">\n\t\t\t\t\t<div class=\"elementor-column elementor-col-50 elementor-top-column elementor-element elementor-element-bd4a74b\" data-id=\"bd4a74b\" data-element_type=\"column\">\n\t\t\t<div class=\"elementor-widget-wrap elementor-element-populated\">\n\t\t\t\t\t\t<div class=\"elementor-element elementor-element-8c1df60 elementor-widget elementor-widget-text-editor\" data-id=\"8c1df60\" data-element_type=\"widget\" data-widget_type=\"text-editor.default\">\n\t\t\t\t<div class=\"elementor-widget-container\">\n\t\t\t\t\t\t\t\t\t<h2>Stock de Gaitas de foles<\/h2>\t\t\t\t\t\t\t\t<\/div>\n\t\t\t\t<\/div>\n\t\t\t\t<div class=\"elementor-element elementor-element-c10eee6 elementor-widget elementor-widget-text-editor\" data-id=\"c10eee6\" data-element_type=\"widget\" data-widget_type=\"text-editor.default\">\n\t\t\t\t<div class=\"elementor-widget-container\">\n\t\t\t\t\t\t\t\t\t<p>Nesta ficha mostramos fotos de gaitas de foles que finaliz\u00e1mos e que podemos entregar rapidamente.<\/p>\t\t\t\t\t\t\t\t<\/div>\n\t\t\t\t<\/div>\n\t\t\t\t<div class=\"elementor-element elementor-element-3965de2 elementor-mobile-align-center elementor-widget elementor-widget-button\" data-id=\"3965de2\" data-element_type=\"widget\" data-widget_type=\"button.default\">\n\t\t\t\t<div class=\"elementor-widget-container\">\n\t\t\t\t\t\t\t\t\t<div class=\"elementor-button-wrapper\">\n\t\t\t\t\t<a class=\"elementor-button elementor-button-link elementor-size-sm\" href=\"https:\/\/afonsocastro.com\/nova\/pt\/stock-pt\/\">\n\t\t\t\t\t\t<span class=\"elementor-button-content-wrapper\">\n\t\t\t\t\t\t\t\t\t<span class=\"elementor-button-text\">Ver stock<\/span>\n\t\t\t\t\t<\/span>\n\t\t\t\t\t<\/a>\n\t\t\t\t<\/div>\n\t\t\t\t\t\t\t\t<\/div>\n\t\t\t\t<\/div>\n\t\t\t\t\t<\/div>\n\t\t<\/div>\n\t\t\t\t<div class=\"elementor-column elementor-col-50 elementor-top-column elementor-element elementor-element-e1e3ccc\" data-id=\"e1e3ccc\" data-element_type=\"column\">\n\t\t\t<div class=\"elementor-widget-wrap elementor-element-populated\">\n\t\t\t\t\t\t<div class=\"elementor-element elementor-element-3e29a41 elementor-widget elementor-widget-image\" data-id=\"3e29a41\" data-element_type=\"widget\" data-widget_type=\"image.default\">\n\t\t\t\t<div class=\"elementor-widget-container\">\n\t\t\t\t\t\t\t\t\t\t\t\t\t\t\t<img loading=\"lazy\" decoding=\"async\" width=\"1028\" height=\"1080\" src=\"https:\/\/afonsocastro.com\/nova\/wp-content\/uploads\/2024\/11\/1.jpg\" class=\"attachment-large size-large wp-image-143\" alt=\"\" srcset=\"https:\/\/afonsocastro.com\/nova\/wp-content\/uploads\/2024\/11\/1.jpg 1028w, https:\/\/afonsocastro.com\/nova\/wp-content\/uploads\/2024\/11\/1-476x500.jpg 476w, https:\/\/afonsocastro.com\/nova\/wp-content\/uploads\/2024\/11\/1-286x300.jpg 286w, https:\/\/afonsocastro.com\/nova\/wp-content\/uploads\/2024\/11\/1-768x807.jpg 768w, https:\/\/afonsocastro.com\/nova\/wp-content\/uploads\/2024\/11\/1-71x75.jpg 71w, https:\/\/afonsocastro.com\/nova\/wp-content\/uploads\/2024\/11\/1-480x504.jpg 480w\" sizes=\"(max-width:767px) 480px, (max-width:1028px) 100vw, 1028px\" \/>\t\t\t\t\t\t\t\t\t\t\t\t\t\t\t<\/div>\n\t\t\t\t<\/div>\n\t\t\t\t\t<\/div>\n\t\t<\/div>\n\t\t\t\t\t<\/div>\n\t\t<\/section>\n\t\t\t\t<section class=\"elementor-section elementor-top-section elementor-element elementor-element-3414fac elementor-section-content-middle elementor-section-stretched elementor-section-boxed elementor-section-height-default elementor-section-height-default\" data-id=\"3414fac\" data-element_type=\"section\" data-settings=\"{&quot;stretch_section&quot;:&quot;section-stretched&quot;}\">\n\t\t\t\t\t\t<div class=\"elementor-container elementor-column-gap-wider\">\n\t\t\t\t\t<div class=\"elementor-column elementor-col-50 elementor-top-column elementor-element elementor-element-372343b\" data-id=\"372343b\" data-element_type=\"column\">\n\t\t\t<div class=\"elementor-widget-wrap elementor-element-populated\">\n\t\t\t\t\t\t<div class=\"elementor-element elementor-element-ba2a5b2 elementor-widget elementor-widget-image\" data-id=\"ba2a5b2\" data-element_type=\"widget\" data-widget_type=\"image.default\">\n\t\t\t\t<div class=\"elementor-widget-container\">\n\t\t\t\t\t\t\t\t\t\t\t\t\t\t\t<img loading=\"lazy\" decoding=\"async\" width=\"1200\" height=\"222\" src=\"https:\/\/afonsocastro.com\/nova\/wp-content\/uploads\/2024\/12\/Pallon-con-lamina-de-carbono-15E-1200x222.jpg\" class=\"attachment-large size-large wp-image-448\" alt=\"\" srcset=\"https:\/\/afonsocastro.com\/nova\/wp-content\/uploads\/2024\/12\/Pallon-con-lamina-de-carbono-15E-1200x222.jpg 1200w, https:\/\/afonsocastro.com\/nova\/wp-content\/uploads\/2024\/12\/Pallon-con-lamina-de-carbono-15E-500x92.jpg 500w, https:\/\/afonsocastro.com\/nova\/wp-content\/uploads\/2024\/12\/Pallon-con-lamina-de-carbono-15E-300x55.jpg 300w, https:\/\/afonsocastro.com\/nova\/wp-content\/uploads\/2024\/12\/Pallon-con-lamina-de-carbono-15E-768x142.jpg 768w, https:\/\/afonsocastro.com\/nova\/wp-content\/uploads\/2024\/12\/Pallon-con-lamina-de-carbono-15E-150x28.jpg 150w, https:\/\/afonsocastro.com\/nova\/wp-content\/uploads\/2024\/12\/Pallon-con-lamina-de-carbono-15E-480x89.jpg 480w\" sizes=\"(max-width:767px) 480px, (max-width:1200px) 100vw, 1200px\" \/>\t\t\t\t\t\t\t\t\t\t\t\t\t\t\t<\/div>\n\t\t\t\t<\/div>\n\t\t\t\t\t<\/div>\n\t\t<\/div>\n\t\t\t\t<div class=\"elementor-column elementor-col-50 elementor-top-column elementor-element elementor-element-9f7f922\" data-id=\"9f7f922\" data-element_type=\"column\">\n\t\t\t<div class=\"elementor-widget-wrap elementor-element-populated\">\n\t\t\t\t\t\t<div class=\"elementor-element elementor-element-4b59c7c elementor-widget elementor-widget-text-editor\" data-id=\"4b59c7c\" data-element_type=\"widget\" data-widget_type=\"text-editor.default\">\n\t\t\t\t<div class=\"elementor-widget-container\">\n\t\t\t\t\t\t\t\t\t<h2>Pe\u00e7as de reposi\u00e7\u00e3o<\/h2>\t\t\t\t\t\t\t\t<\/div>\n\t\t\t\t<\/div>\n\t\t\t\t<div class=\"elementor-element elementor-element-f007d44 elementor-widget elementor-widget-text-editor\" data-id=\"f007d44\" data-element_type=\"widget\" data-widget_type=\"text-editor.default\">\n\t\t\t\t<div class=\"elementor-widget-container\">\n\t\t\t\t\t\t\t\t\t<p>Aqui pode ver todas as pe\u00e7as de substitui\u00e7\u00e3o e componentes que temos.<\/p>\t\t\t\t\t\t\t\t<\/div>\n\t\t\t\t<\/div>\n\t\t\t\t<div class=\"elementor-element elementor-element-1987a34 elementor-mobile-align-center elementor-widget elementor-widget-button\" data-id=\"1987a34\" data-element_type=\"widget\" data-widget_type=\"button.default\">\n\t\t\t\t<div class=\"elementor-widget-container\">\n\t\t\t\t\t\t\t\t\t<div class=\"elementor-button-wrapper\">\n\t\t\t\t\t<a class=\"elementor-button elementor-button-link elementor-size-sm\" href=\"https:\/\/afonsocastro.com\/nova\/pt\/stock-pt\/\">\n\t\t\t\t\t\t<span class=\"elementor-button-content-wrapper\">\n\t\t\t\t\t\t\t\t\t<span class=\"elementor-button-text\">Ver stock<\/span>\n\t\t\t\t\t<\/span>\n\t\t\t\t\t<\/a>\n\t\t\t\t<\/div>\n\t\t\t\t\t\t\t\t<\/div>\n\t\t\t\t<\/div>\n\t\t\t\t\t<\/div>\n\t\t<\/div>\n\t\t\t\t\t<\/div>\n\t\t<\/section>\n\t\t\t\t<\/div>\n\t\t","protected":false},"excerpt":{"rendered":"<p>ObradoiroAfonso Castro Bem-vindas e bem-vindos ao nosso s\u00edtio web, onde poder\u00e1 encontrar tudo o que est\u00e1 relacionado com a nossa oficina e principalmente com as nossas<span class=\"excerpt-hellip\"> [\u2026]<\/span><\/p>\n","protected":false},"author":1,"featured_media":0,"parent":0,"menu_order":0,"comment_status":"closed","ping_status":"closed","template":"","meta":{"footnotes":""},"class_list":["post-996","page","type-page","status-publish","hentry"],"yoast_head":"<!-- This site is optimized with the Yoast SEO plugin v26.5 - https:\/\/yoast.com\/wordpress\/plugins\/seo\/ -->\n<title>Inicio PT - Afonso Castro<\/title>\n<meta name=\"robots\" content=\"index, follow, max-snippet:-1, max-image-preview:large, max-video-preview:-1\" \/>\n<link rel=\"canonical\" href=\"https:\/\/afonsocastro.com\/nova\/pt\/inicio-pt\/\" \/>\n<meta property=\"og:locale\" content=\"gl_ES\" \/>\n<meta property=\"og:type\" content=\"article\" \/>\n<meta property=\"og:title\" content=\"Inicio PT - Afonso Castro\" \/>\n<meta property=\"og:description\" content=\"ObradoiroAfonso Castro Bem-vindas e bem-vindos ao nosso s\u00edtio web, onde poder\u00e1 encontrar tudo o que est\u00e1 relacionado com a nossa oficina e principalmente com as nossas [\u2026]\" \/>\n<meta property=\"og:url\" content=\"https:\/\/afonsocastro.com\/nova\/pt\/inicio-pt\/\" \/>\n<meta property=\"og:site_name\" content=\"Afonso Castro\" \/>\n<meta property=\"article:publisher\" content=\"https:\/\/www.facebook.com\/Obradoiro-Afonso-Castro-523289888025882\/\" \/>\n<meta property=\"article:modified_time\" content=\"2024-12-17T11:53:48+00:00\" \/>\n<meta property=\"og:image\" content=\"https:\/\/afonsocastro.com\/nova\/wp-content\/uploads\/2024\/12\/Expondo-en-Melide.jpg\" \/>\n<meta name=\"twitter:card\" content=\"summary_large_image\" \/>\n<meta name=\"twitter:label1\" content=\"Tempo de lectura\" \/>\n\t<meta name=\"twitter:data1\" content=\"1 minuto\" \/>\n<script type=\"application\/ld+json\" class=\"yoast-schema-graph\">{\"@context\":\"https:\/\/schema.org\",\"@graph\":[{\"@type\":\"WebPage\",\"@id\":\"https:\/\/afonsocastro.com\/nova\/pt\/inicio-pt\/\",\"url\":\"https:\/\/afonsocastro.com\/nova\/pt\/inicio-pt\/\",\"name\":\"Inicio PT - Afonso Castro\",\"isPartOf\":{\"@id\":\"https:\/\/afonsocastro.com\/nova\/#website\"},\"primaryImageOfPage\":{\"@id\":\"https:\/\/afonsocastro.com\/nova\/pt\/inicio-pt\/#primaryimage\"},\"image\":{\"@id\":\"https:\/\/afonsocastro.com\/nova\/pt\/inicio-pt\/#primaryimage\"},\"thumbnailUrl\":\"https:\/\/afonsocastro.com\/nova\/wp-content\/uploads\/2024\/12\/Expondo-en-Melide.jpg\",\"datePublished\":\"2024-12-13T09:30:12+00:00\",\"dateModified\":\"2024-12-17T11:53:48+00:00\",\"breadcrumb\":{\"@id\":\"https:\/\/afonsocastro.com\/nova\/pt\/inicio-pt\/#breadcrumb\"},\"inLanguage\":\"gl-ES\",\"potentialAction\":[{\"@type\":\"ReadAction\",\"target\":[\"https:\/\/afonsocastro.com\/nova\/pt\/inicio-pt\/\"]}]},{\"@type\":\"ImageObject\",\"inLanguage\":\"gl-ES\",\"@id\":\"https:\/\/afonsocastro.com\/nova\/pt\/inicio-pt\/#primaryimage\",\"url\":\"https:\/\/afonsocastro.com\/nova\/wp-content\/uploads\/2024\/12\/Expondo-en-Melide.jpg\",\"contentUrl\":\"https:\/\/afonsocastro.com\/nova\/wp-content\/uploads\/2024\/12\/Expondo-en-Melide.jpg\",\"width\":1117,\"height\":1080},{\"@type\":\"BreadcrumbList\",\"@id\":\"https:\/\/afonsocastro.com\/nova\/pt\/inicio-pt\/#breadcrumb\",\"itemListElement\":[{\"@type\":\"ListItem\",\"position\":1,\"name\":\"Inicio\",\"item\":\"https:\/\/afonsocastro.com\/nova\/\"},{\"@type\":\"ListItem\",\"position\":2,\"name\":\"Inicio PT\"}]},{\"@type\":\"WebSite\",\"@id\":\"https:\/\/afonsocastro.com\/nova\/#website\",\"url\":\"https:\/\/afonsocastro.com\/nova\/\",\"name\":\"Afonso Castro\",\"description\":\"Obradoiro de Gaitas\",\"publisher\":{\"@id\":\"https:\/\/afonsocastro.com\/nova\/#organization\"},\"potentialAction\":[{\"@type\":\"SearchAction\",\"target\":{\"@type\":\"EntryPoint\",\"urlTemplate\":\"https:\/\/afonsocastro.com\/nova\/?s={search_term_string}\"},\"query-input\":{\"@type\":\"PropertyValueSpecification\",\"valueRequired\":true,\"valueName\":\"search_term_string\"}}],\"inLanguage\":\"gl-ES\"},{\"@type\":\"Organization\",\"@id\":\"https:\/\/afonsocastro.com\/nova\/#organization\",\"name\":\"Afonso Castro\",\"url\":\"https:\/\/afonsocastro.com\/nova\/\",\"logo\":{\"@type\":\"ImageObject\",\"inLanguage\":\"gl-ES\",\"@id\":\"https:\/\/afonsocastro.com\/nova\/#\/schema\/logo\/image\/\",\"url\":\"https:\/\/afonsocastro.com\/nova\/wp-content\/uploads\/2024\/10\/Logo_1.png\",\"contentUrl\":\"https:\/\/afonsocastro.com\/nova\/wp-content\/uploads\/2024\/10\/Logo_1.png\",\"width\":2493,\"height\":1000,\"caption\":\"Afonso Castro\"},\"image\":{\"@id\":\"https:\/\/afonsocastro.com\/nova\/#\/schema\/logo\/image\/\"},\"sameAs\":[\"https:\/\/www.facebook.com\/Obradoiro-Afonso-Castro-523289888025882\/\",\"http:\/\/www.youtube.com\/user\/AFONS0CASTRO\"]}]}<\/script>\n<!-- \/ Yoast SEO plugin. -->","yoast_head_json":{"title":"Inicio PT - Afonso Castro","robots":{"index":"index","follow":"follow","max-snippet":"max-snippet:-1","max-image-preview":"max-image-preview:large","max-video-preview":"max-video-preview:-1"},"canonical":"https:\/\/afonsocastro.com\/nova\/pt\/inicio-pt\/","og_locale":"gl_ES","og_type":"article","og_title":"Inicio PT - Afonso Castro","og_description":"ObradoiroAfonso Castro Bem-vindas e bem-vindos ao nosso s\u00edtio web, onde poder\u00e1 encontrar tudo o que est\u00e1 relacionado com a nossa oficina e principalmente com as nossas [\u2026]","og_url":"https:\/\/afonsocastro.com\/nova\/pt\/inicio-pt\/","og_site_name":"Afonso Castro","article_publisher":"https:\/\/www.facebook.com\/Obradoiro-Afonso-Castro-523289888025882\/","article_modified_time":"2024-12-17T11:53:48+00:00","og_image":[{"url":"https:\/\/afonsocastro.com\/nova\/wp-content\/uploads\/2024\/12\/Expondo-en-Melide.jpg","type":"","width":"","height":""}],"twitter_card":"summary_large_image","twitter_misc":{"Tempo de lectura":"1 minuto"},"schema":{"@context":"https:\/\/schema.org","@graph":[{"@type":"WebPage","@id":"https:\/\/afonsocastro.com\/nova\/pt\/inicio-pt\/","url":"https:\/\/afonsocastro.com\/nova\/pt\/inicio-pt\/","name":"Inicio PT - Afonso Castro","isPartOf":{"@id":"https:\/\/afonsocastro.com\/nova\/#website"},"primaryImageOfPage":{"@id":"https:\/\/afonsocastro.com\/nova\/pt\/inicio-pt\/#primaryimage"},"image":{"@id":"https:\/\/afonsocastro.com\/nova\/pt\/inicio-pt\/#primaryimage"},"thumbnailUrl":"https:\/\/afonsocastro.com\/nova\/wp-content\/uploads\/2024\/12\/Expondo-en-Melide.jpg","datePublished":"2024-12-13T09:30:12+00:00","dateModified":"2024-12-17T11:53:48+00:00","breadcrumb":{"@id":"https:\/\/afonsocastro.com\/nova\/pt\/inicio-pt\/#breadcrumb"},"inLanguage":"gl-ES","potentialAction":[{"@type":"ReadAction","target":["https:\/\/afonsocastro.com\/nova\/pt\/inicio-pt\/"]}]},{"@type":"ImageObject","inLanguage":"gl-ES","@id":"https:\/\/afonsocastro.com\/nova\/pt\/inicio-pt\/#primaryimage","url":"https:\/\/afonsocastro.com\/nova\/wp-content\/uploads\/2024\/12\/Expondo-en-Melide.jpg","contentUrl":"https:\/\/afonsocastro.com\/nova\/wp-content\/uploads\/2024\/12\/Expondo-en-Melide.jpg","width":1117,"height":1080},{"@type":"BreadcrumbList","@id":"https:\/\/afonsocastro.com\/nova\/pt\/inicio-pt\/#breadcrumb","itemListElement":[{"@type":"ListItem","position":1,"name":"Inicio","item":"https:\/\/afonsocastro.com\/nova\/"},{"@type":"ListItem","position":2,"name":"Inicio PT"}]},{"@type":"WebSite","@id":"https:\/\/afonsocastro.com\/nova\/#website","url":"https:\/\/afonsocastro.com\/nova\/","name":"Afonso Castro","description":"Obradoiro de Gaitas","publisher":{"@id":"https:\/\/afonsocastro.com\/nova\/#organization"},"potentialAction":[{"@type":"SearchAction","target":{"@type":"EntryPoint","urlTemplate":"https:\/\/afonsocastro.com\/nova\/?s={search_term_string}"},"query-input":{"@type":"PropertyValueSpecification","valueRequired":true,"valueName":"search_term_string"}}],"inLanguage":"gl-ES"},{"@type":"Organization","@id":"https:\/\/afonsocastro.com\/nova\/#organization","name":"Afonso Castro","url":"https:\/\/afonsocastro.com\/nova\/","logo":{"@type":"ImageObject","inLanguage":"gl-ES","@id":"https:\/\/afonsocastro.com\/nova\/#\/schema\/logo\/image\/","url":"https:\/\/afonsocastro.com\/nova\/wp-content\/uploads\/2024\/10\/Logo_1.png","contentUrl":"https:\/\/afonsocastro.com\/nova\/wp-content\/uploads\/2024\/10\/Logo_1.png","width":2493,"height":1000,"caption":"Afonso Castro"},"image":{"@id":"https:\/\/afonsocastro.com\/nova\/#\/schema\/logo\/image\/"},"sameAs":["https:\/\/www.facebook.com\/Obradoiro-Afonso-Castro-523289888025882\/","http:\/\/www.youtube.com\/user\/AFONS0CASTRO"]}]}},"_links":{"self":[{"href":"https:\/\/afonsocastro.com\/nova\/wp-json\/wp\/v2\/pages\/996","targetHints":{"allow":["GET"]}}],"collection":[{"href":"https:\/\/afonsocastro.com\/nova\/wp-json\/wp\/v2\/pages"}],"about":[{"href":"https:\/\/afonsocastro.com\/nova\/wp-json\/wp\/v2\/types\/page"}],"author":[{"embeddable":true,"href":"https:\/\/afonsocastro.com\/nova\/wp-json\/wp\/v2\/users\/1"}],"replies":[{"embeddable":true,"href":"https:\/\/afonsocastro.com\/nova\/wp-json\/wp\/v2\/comments?post=996"}],"version-history":[{"count":12,"href":"https:\/\/afonsocastro.com\/nova\/wp-json\/wp\/v2\/pages\/996\/revisions"}],"predecessor-version":[{"id":1121,"href":"https:\/\/afonsocastro.com\/nova\/wp-json\/wp\/v2\/pages\/996\/revisions\/1121"}],"wp:attachment":[{"href":"https:\/\/afonsocastro.com\/nova\/wp-json\/wp\/v2\/media?parent=996"}],"curies":[{"name":"wp","href":"https:\/\/api.w.org\/{rel}","templated":true}]}}